{"id":12437,"date":"2021-04-09T11:09:32","date_gmt":"2021-04-09T11:09:32","guid":{"rendered":"https:\/\/citil.av.tr\/?page_id=12437"},"modified":"2021-04-09T11:15:12","modified_gmt":"2021-04-09T11:15:12","slug":"kisisel-verilerin-islenmesine-iliskin-aydinlatma-metni","status":"publish","type":"page","link":"https:\/\/citil.av.tr\/en\/kisisel-verilerin-islenmesine-iliskin-aydinlatma-metni\/","title":{"rendered":"Clarification Text On The Processing Of Personal Data"},"content":{"rendered":"<div class=\"row\"><div class=\"wpv-grid grid-1-1  wpv-first-level first unextended\" style=\"padding-top:0px;padding-bottom:0px\" id=\"wpv-column-b617453a355e900ddf63a18d12548e0b\" ><div class=\"page\" title=\"Page 1\">\n<div class=\"layoutArea\">\n<div class=\"column\">\n<p>\u00c7itil Attorney Partnership as the data controller, present herein clarification text in order to inform you, which is prepared for the protection of personal data of our clients, business partners and other parties with whom it is involved and for providing data security and data privacy.<\/p>\n<p>This Clarification Text has been prepared in order to ensure fulfilment of \u00c7itil Attorney Partnership\u2019s obligation to inform you as data controller regarding your processed personal data (all the information relating to an identified or identifiable natural person such as name, address, phone number, e-mail) submitted and collected within the scope of \u00c7itil Attorney Partnership\u2019s litigation process, preparation of the legal reports and proposals on the other legal services, conclusion and\/or fulfilment of the consultancy agreements, carrying out the recruitment process as per the scope of Article 10(ten) of Law on the Protection of Personal Data\u00a0numbered 6698. \u00c7itil Attorney Partnership has the capacity to act as data controller within the scope of LPPD in terms of processing of Personal Data. Personal Data can be processed and protection in accordance with LPPD and other legislation on the protection of Personal Data by \u00c7itil Attorney Partnership.<\/p>\n<h3>Purposes of Processing Personal Data<\/h3>\n<p>Your personal data shall be processed in accordance with Article 20 of the Constitution of the Republic of Turkey and Article 4 of LPPD for the following purposes by \u00c7itil Attorney Partnership as data controller:<\/p>\n<ul>\n<li>Providing the services, you demand according to your needs,<\/li>\n<li>Planning commercial and \/or legal business strategies,<\/li>\n<li>Client meetings held within our law firm, consultancy proposals, preparation of legal reports and examination of proposals for other legal services,<\/li>\n<li>Conducting the information security process,<\/li>\n<li>Conclusion and\/or fulfilment of legal consultancy agreements,<\/li>\n<li>Conducting client relations processes,<\/li>\n<li>Conduct of contract processes and determination and control of the signatory powers of the parties signing the relevant documents,<\/li>\n<li>Registration of identity, address, tax number and other information required for the identification of the owners and business partners of all kinds of works and transactions,<\/li>\n<li>Giving information to the competent court, the Enforcement Office, institutions and \/ or organizations,\u00a0<\/li>\n<li>Evaluation of candidates in recruitment processes,<\/li>\n<li>Giving informing about the developments in the legal world and legal legislative updates,<\/li>\n<\/ul>\n<\/div>\n<\/div>\n<\/div>\n<div class=\"page\" title=\"Page 2\">\n<div class=\"layoutArea\">\n<div class=\"column\">\n<h3>The Methods and Legal Reasons of Collection of Personal Data<\/h3>\n<p>Personal Data are collected by \u00c7itil Attorney Partnership on the basis of the ability of \u00c7itil Attorney Partnership to fulfill its obligations arising from contracts and laws accurately and for the purposes which is relating to the litigation process, legal consultancy services, preparation of the legal reports and proposals on the other legal services, conclusion and\/or fullfilment of the consultancy agreements through the all kinds of channels in oral, written or electronic. Personal Data collected for these legal reasons shall be processed and transferred by \u00c7itil Attorney Partnership in accordance with the basic principles stipulated by LPPD, Personal Data processing conditions and purposes specified in Article 5 and Article 6 of LPPD for the purposes specified herein.<\/p>\n<h3>Processing of Personal Data<\/h3>\n<p>\u00c7itil Attorney Partnership shall protect Personal Data only for definite, clear and legal purposes and will be able to store it for the periods required for the purposes of processing of the Personal Data described above in the relevant section.\u00a0\u00c7itil Attorney Partnership shall not process the Personal Data in a manner incompatible with the purposes for which they are collected within the framework of this Clarification Text and LPPD and shall erase, destruct or anonymize ex officio or upon demand by the data subject, upon disappearance of reasons which require the process erasure or destruction or anonymizing.\u00a0<\/p>\n<h3>Transfer of Personal Data<\/h3>\n<p>Your Personal Data shall be transferred by \u00c7itil Attorney Partnership to its business partners, lawyers and competent courts and\/or enforcement offices and public institutions and organizations for the purpose of legal and financial audits in Turkey in accordance with article 8 of the LPPD, in order to realize the purposes of processing the Personal Data herein Clarification Text and in addition to the data processing purposes stated below.\u00a0In addition, your personal data may be transferred by \u00c7itil Attorney Partnership directly or indirectly to any third party (including cloud service providers that may have servers in various countries) whom has received or intends to receive or will receive consultancy, support or legal services, competent institutions and organizations within the framework of specified personal data processing conditions and purposes.<\/p>\n<p>\u00c7itil Attorney Partnership takes all the necessary technical and administrative measures in case your personal data is transferred to home or abroad. In addition, a commitment is taken from the third parties who transfer data to ensure that they take the necessary technical and administrative measures.<\/p>\n<\/div>\n<\/div>\n<\/div>\n<div class=\"page\" title=\"Page 3\">\n<div class=\"layoutArea\">\n<div class=\"column\">\n<h3>Rights of Data Owner<\/h3>\n<p>According to article 20 of the Constitution of the Republic of Turkey, everyone has the right to be informed about him\/her Personal Data and pursuant to Article 11 of LPPD, the rights of the Personal Data owner include the right to \u201crequest information\u201d. In this context, \u00c7itil Attorney Partnership provides the necessary information if the Personal Data owner requests information, and \u00c7itil Attorney Partnership gives information to the Personal Data owner about how to use the right to request such information and how to evaluate the issues related to the request information.<\/p>\n<\/div>\n<\/div>\n<div class=\"layoutArea\">\n<div class=\"column\">\n<p>Personal Data owners have the following rights under LPPD:<\/p>\n<\/div>\n<\/div>\n<div class=\"layoutArea\">\n<div class=\"column\">\n<ul>\n<li>to learn whether his\/her Personal Data are processed or not,<\/li>\n<li>to request information if his\/her Personal Data are processed,<\/li>\n<li>to learn the purpose of his\/her Personal Data processing and whether this Personal Data is used for intended purposes,<\/li>\n<li>to know the third parties to whom his\/her Personal Data is transferred at home or abroad,<\/li>\n<li>to request the rectification of the incomplete or inaccurate data, if any,<\/li>\n<li>to request the erasure or destruction of his\/her Personal Data under the conditions laid down in Article 7 of LPPD and in this context, to request notification to third parties to whom his\/her personal data has been transferred,<\/li>\n<li>to object to the processing, exclusively by automatic means, of his\/her Personal Data, which leads to an unfavourable consequence for the Personal Data subject,<\/li>\n<li>to request compensation for the damage arising from the unlawful processing of his\/her Personal Data.<\/li>\n<\/ul>\n<h3>Application of Personal Data Owner<\/h3>\n<p>You may submit your requests regarding your rights mentioned above at\u00a0lppd@citil.av.tr\u00a0or\u00a0info@citil.av.tr\u00a0\u00a0addresses or from our address below in written form.<\/p>\n<h3>Citil Attorney Partnership<\/h3>\n<p>\u0130stanbul Barosu, Avukatl\u0131k Ortakl\u0131\u011f\u0131 Sicili 115<br \/>\nTrump Towers, Residence 2901, PK:34381, \u015ei\u015fli\/\u0130stanbul<\/p>\n<\/div>\n<\/div>\n<\/div><\/div><\/div>","protected":false},"excerpt":{"rendered":"<p>\u00c7itil Avukatl\u0131k Ortakl\u0131\u011f\u0131; m\u00fcvekkillerinin, i\u015f ortaklar\u0131n\u0131n ve ili\u015fki i\u00e7erisinde bulundu\u011fu di\u011fer \u00fc\u00e7\u00fcnc\u00fc ki\u015filerin ki\u015fisel verilerinin korunmas\u0131 ile veri gizlili\u011fi ve g\u00fcvenli\u011finin sa\u011flanmas\u0131 bak\u0131m\u0131ndan veri sorumlusu s\u0131fat\u0131yla ki\u015fisel verilerin korunmas\u0131na ili\u015fkin i\u015fbu ayd\u0131nlatma metni sizleri bilgilendirmek amac\u0131yla dikkatinize sunulmaktad\u0131r. \u0130\u015fbu Ayd\u0131nlatma Metni, 6698 say\u0131l\u0131 Ki\u015fisel Verilerin Korunmas\u0131 Kanunu\u2019nun 10. maddesi \u00e7er\u00e7evesinde \u00c7itil Avukatl\u0131k Ortakl\u0131\u011f\u0131\u2019na dava ve&#8230;<\/p>","protected":false},"author":1,"featured_media":0,"parent":0,"menu_order":0,"comment_status":"closed","ping_status":"closed","template":"","meta":[],"yoast_head":"<!-- This site is optimized with the Yoast SEO plugin v21.1 - https:\/\/yoast.com\/wordpress\/plugins\/seo\/ -->\n<title>Ki\u015fisel Verilerin \u0130\u015flenmesine \u0130li\u015fkin Ayd\u0131nlatma Metni - \u00c7itil Avukatl\u0131k Ortakl\u0131\u011f\u0131<\/title>\n<meta name=\"robots\" content=\"noindex, nofollow\" \/>\n<meta property=\"og:locale\" content=\"en_US\" \/>\n<meta property=\"og:type\" content=\"article\" \/>\n<meta property=\"og:title\" content=\"Ki\u015fisel Verilerin \u0130\u015flenmesine \u0130li\u015fkin Ayd\u0131nlatma Metni - \u00c7itil Avukatl\u0131k Ortakl\u0131\u011f\u0131\" \/>\n<meta property=\"og:description\" content=\"\u00c7itil Avukatl\u0131k Ortakl\u0131\u011f\u0131; m\u00fcvekkillerinin, i\u015f ortaklar\u0131n\u0131n ve ili\u015fki i\u00e7erisinde bulundu\u011fu di\u011fer \u00fc\u00e7\u00fcnc\u00fc ki\u015filerin ki\u015fisel verilerinin korunmas\u0131 ile veri gizlili\u011fi ve g\u00fcvenli\u011finin sa\u011flanmas\u0131 bak\u0131m\u0131ndan veri sorumlusu s\u0131fat\u0131yla ki\u015fisel verilerin korunmas\u0131na ili\u015fkin i\u015fbu ayd\u0131nlatma metni sizleri bilgilendirmek amac\u0131yla dikkatinize sunulmaktad\u0131r. \u0130\u015fbu Ayd\u0131nlatma Metni, 6698 say\u0131l\u0131 Ki\u015fisel Verilerin Korunmas\u0131 Kanunu\u2019nun 10. maddesi \u00e7er\u00e7evesinde \u00c7itil Avukatl\u0131k Ortakl\u0131\u011f\u0131\u2019na dava ve...\" \/>\n<meta property=\"og:url\" content=\"https:\/\/citil.av.tr\/en\/kisisel-verilerin-islenmesine-iliskin-aydinlatma-metni\/\" \/>\n<meta property=\"og:site_name\" content=\"\u00c7itil Avukatl\u0131k Ortakl\u0131\u011f\u0131\" \/>\n<meta property=\"article:publisher\" content=\"https:\/\/wwwfacebook.com\/citillaw\" \/>\n<meta property=\"article:modified_time\" content=\"2021-04-09T11:15:12+00:00\" \/>\n<meta property=\"og:image\" content=\"https:\/\/citil.av.tr\/wp-content\/uploads\/2020\/12\/Vergi-Hukuku.jpg\" \/>\n\t<meta property=\"og:image:width\" content=\"1920\" \/>\n\t<meta property=\"og:image:height\" content=\"1080\" \/>\n\t<meta property=\"og:image:type\" content=\"image\/jpeg\" \/>\n<meta name=\"twitter:card\" content=\"summary_large_image\" \/>\n<meta name=\"twitter:site\" content=\"@citillaw\" \/>\n<meta name=\"twitter:label1\" content=\"Est. reading time\" \/>\n\t<meta name=\"twitter:data1\" content=\"4 minutes\" \/>\n<script type=\"application\/ld+json\" class=\"yoast-schema-graph\">{\"@context\":\"https:\/\/schema.org\",\"@graph\":[{\"@type\":\"WebPage\",\"@id\":\"https:\/\/citil.av.tr\/kisisel-verilerin-islenmesine-iliskin-aydinlatma-metni\/\",\"url\":\"https:\/\/citil.av.tr\/kisisel-verilerin-islenmesine-iliskin-aydinlatma-metni\/\",\"name\":\"Ki\u015fisel Verilerin \u0130\u015flenmesine \u0130li\u015fkin Ayd\u0131nlatma Metni - \u00c7itil Avukatl\u0131k Ortakl\u0131\u011f\u0131\",\"isPartOf\":{\"@id\":\"https:\/\/citil.av.tr\/en\/#website\"},\"datePublished\":\"2021-04-09T11:09:32+00:00\",\"dateModified\":\"2021-04-09T11:15:12+00:00\",\"breadcrumb\":{\"@id\":\"https:\/\/citil.av.tr\/kisisel-verilerin-islenmesine-iliskin-aydinlatma-metni\/#breadcrumb\"},\"inLanguage\":\"en-US\",\"potentialAction\":[{\"@type\":\"ReadAction\",\"target\":[\"https:\/\/citil.av.tr\/kisisel-verilerin-islenmesine-iliskin-aydinlatma-metni\/\"]}]},{\"@type\":\"BreadcrumbList\",\"@id\":\"https:\/\/citil.av.tr\/kisisel-verilerin-islenmesine-iliskin-aydinlatma-metni\/#breadcrumb\",\"itemListElement\":[{\"@type\":\"ListItem\",\"position\":1,\"name\":\"Anasayfa\",\"item\":\"https:\/\/citil.av.tr\/\"},{\"@type\":\"ListItem\",\"position\":2,\"name\":\"Ki\u015fisel Verilerin \u0130\u015flenmesine \u0130li\u015fkin Ayd\u0131nlatma Metni\"}]},{\"@type\":\"WebSite\",\"@id\":\"https:\/\/citil.av.tr\/en\/#website\",\"url\":\"https:\/\/citil.av.tr\/en\/\",\"name\":\"\u00c7itil Avukatl\u0131k Ortakl\u0131\u011f\u0131\",\"description\":\"\u00c7itil Avukatl\u0131k Ortakl\u0131\u011f\u0131\",\"publisher\":{\"@id\":\"https:\/\/citil.av.tr\/en\/#organization\"},\"potentialAction\":[{\"@type\":\"SearchAction\",\"target\":{\"@type\":\"EntryPoint\",\"urlTemplate\":\"https:\/\/citil.av.tr\/en\/?s={search_term_string}\"},\"query-input\":\"required name=search_term_string\"}],\"inLanguage\":\"en-US\"},{\"@type\":\"Organization\",\"@id\":\"https:\/\/citil.av.tr\/en\/#organization\",\"name\":\"\u00c7itil Avukatl\u0131k Ortakl\u0131\u011f\u0131\",\"url\":\"https:\/\/citil.av.tr\/en\/\",\"logo\":{\"@type\":\"ImageObject\",\"inLanguage\":\"en-US\",\"@id\":\"https:\/\/citil.av.tr\/en\/#\/schema\/logo\/image\/\",\"url\":\"https:\/\/citil.av.tr\/wp-content\/uploads\/2020\/11\/citillaw.png\",\"contentUrl\":\"https:\/\/citil.av.tr\/wp-content\/uploads\/2020\/11\/citillaw.png\",\"width\":540,\"height\":118,\"caption\":\"\u00c7itil Avukatl\u0131k Ortakl\u0131\u011f\u0131\"},\"image\":{\"@id\":\"https:\/\/citil.av.tr\/en\/#\/schema\/logo\/image\/\"},\"sameAs\":[\"https:\/\/wwwfacebook.com\/citillaw\",\"https:\/\/twitter.com\/citillaw\",\"https:\/\/instagram.com\/citillaw\",\"https:\/\/www.linkedin.com\/company\/citillaw\/\",\"https:\/\/www.youtube.com\/channel\/UCnDUExMdk-zREsgxkg0GGTg\"]}]}<\/script>\n<!-- \/ Yoast SEO plugin. -->","yoast_head_json":{"title":"Ki\u015fisel Verilerin \u0130\u015flenmesine \u0130li\u015fkin Ayd\u0131nlatma Metni - \u00c7itil Avukatl\u0131k Ortakl\u0131\u011f\u0131","robots":{"index":"noindex","follow":"nofollow"},"og_locale":"en_US","og_type":"article","og_title":"Ki\u015fisel Verilerin \u0130\u015flenmesine \u0130li\u015fkin Ayd\u0131nlatma Metni - \u00c7itil Avukatl\u0131k Ortakl\u0131\u011f\u0131","og_description":"\u00c7itil Avukatl\u0131k Ortakl\u0131\u011f\u0131; m\u00fcvekkillerinin, i\u015f ortaklar\u0131n\u0131n ve ili\u015fki i\u00e7erisinde bulundu\u011fu di\u011fer \u00fc\u00e7\u00fcnc\u00fc ki\u015filerin ki\u015fisel verilerinin korunmas\u0131 ile veri gizlili\u011fi ve g\u00fcvenli\u011finin sa\u011flanmas\u0131 bak\u0131m\u0131ndan veri sorumlusu s\u0131fat\u0131yla ki\u015fisel verilerin korunmas\u0131na ili\u015fkin i\u015fbu ayd\u0131nlatma metni sizleri bilgilendirmek amac\u0131yla dikkatinize sunulmaktad\u0131r. \u0130\u015fbu Ayd\u0131nlatma Metni, 6698 say\u0131l\u0131 Ki\u015fisel Verilerin Korunmas\u0131 Kanunu\u2019nun 10. maddesi \u00e7er\u00e7evesinde \u00c7itil Avukatl\u0131k Ortakl\u0131\u011f\u0131\u2019na dava ve...","og_url":"https:\/\/citil.av.tr\/en\/kisisel-verilerin-islenmesine-iliskin-aydinlatma-metni\/","og_site_name":"\u00c7itil Avukatl\u0131k Ortakl\u0131\u011f\u0131","article_publisher":"https:\/\/wwwfacebook.com\/citillaw","article_modified_time":"2021-04-09T11:15:12+00:00","og_image":[{"width":1920,"height":1080,"url":"https:\/\/citil.av.tr\/wp-content\/uploads\/2020\/12\/Vergi-Hukuku.jpg","type":"image\/jpeg"}],"twitter_card":"summary_large_image","twitter_site":"@citillaw","twitter_misc":{"Est. reading time":"4 minutes"},"schema":{"@context":"https:\/\/schema.org","@graph":[{"@type":"WebPage","@id":"https:\/\/citil.av.tr\/kisisel-verilerin-islenmesine-iliskin-aydinlatma-metni\/","url":"https:\/\/citil.av.tr\/kisisel-verilerin-islenmesine-iliskin-aydinlatma-metni\/","name":"Ki\u015fisel Verilerin \u0130\u015flenmesine \u0130li\u015fkin Ayd\u0131nlatma Metni - \u00c7itil Avukatl\u0131k Ortakl\u0131\u011f\u0131","isPartOf":{"@id":"https:\/\/citil.av.tr\/en\/#website"},"datePublished":"2021-04-09T11:09:32+00:00","dateModified":"2021-04-09T11:15:12+00:00","breadcrumb":{"@id":"https:\/\/citil.av.tr\/kisisel-verilerin-islenmesine-iliskin-aydinlatma-metni\/#breadcrumb"},"inLanguage":"en-US","potentialAction":[{"@type":"ReadAction","target":["https:\/\/citil.av.tr\/kisisel-verilerin-islenmesine-iliskin-aydinlatma-metni\/"]}]},{"@type":"BreadcrumbList","@id":"https:\/\/citil.av.tr\/kisisel-verilerin-islenmesine-iliskin-aydinlatma-metni\/#breadcrumb","itemListElement":[{"@type":"ListItem","position":1,"name":"Anasayfa","item":"https:\/\/citil.av.tr\/"},{"@type":"ListItem","position":2,"name":"Ki\u015fisel Verilerin \u0130\u015flenmesine \u0130li\u015fkin Ayd\u0131nlatma Metni"}]},{"@type":"WebSite","@id":"https:\/\/citil.av.tr\/en\/#website","url":"https:\/\/citil.av.tr\/en\/","name":"Citil Attorney Partnership","description":"Citil Attorney Partnership","publisher":{"@id":"https:\/\/citil.av.tr\/en\/#organization"},"potentialAction":[{"@type":"SearchAction","target":{"@type":"EntryPoint","urlTemplate":"https:\/\/citil.av.tr\/en\/?s={search_term_string}"},"query-input":"required name=search_term_string"}],"inLanguage":"en-US"},{"@type":"Organization","@id":"https:\/\/citil.av.tr\/en\/#organization","name":"Citil Attorney Partnership","url":"https:\/\/citil.av.tr\/en\/","logo":{"@type":"ImageObject","inLanguage":"en-US","@id":"https:\/\/citil.av.tr\/en\/#\/schema\/logo\/image\/","url":"https:\/\/citil.av.tr\/wp-content\/uploads\/2020\/11\/citillaw.png","contentUrl":"https:\/\/citil.av.tr\/wp-content\/uploads\/2020\/11\/citillaw.png","width":540,"height":118,"caption":"\u00c7itil Avukatl\u0131k Ortakl\u0131\u011f\u0131"},"image":{"@id":"https:\/\/citil.av.tr\/en\/#\/schema\/logo\/image\/"},"sameAs":["https:\/\/wwwfacebook.com\/citillaw","https:\/\/twitter.com\/citillaw","https:\/\/instagram.com\/citillaw","https:\/\/www.linkedin.com\/company\/citillaw\/","https:\/\/www.youtube.com\/channel\/UCnDUExMdk-zREsgxkg0GGTg"]}]}},"post_mailing_queue_ids":[],"_links":{"self":[{"href":"https:\/\/citil.av.tr\/en\/wp-json\/wp\/v2\/pages\/12437"}],"collection":[{"href":"https:\/\/citil.av.tr\/en\/wp-json\/wp\/v2\/pages"}],"about":[{"href":"https:\/\/citil.av.tr\/en\/wp-json\/wp\/v2\/types\/page"}],"author":[{"embeddable":true,"href":"https:\/\/citil.av.tr\/en\/wp-json\/wp\/v2\/users\/1"}],"replies":[{"embeddable":true,"href":"https:\/\/citil.av.tr\/en\/wp-json\/wp\/v2\/comments?post=12437"}],"version-history":[{"count":0,"href":"https:\/\/citil.av.tr\/en\/wp-json\/wp\/v2\/pages\/12437\/revisions"}],"wp:attachment":[{"href":"https:\/\/citil.av.tr\/en\/wp-json\/wp\/v2\/media?parent=12437"}],"curies":[{"name":"wp","href":"https:\/\/api.w.org\/{rel}","templated":true}]}}