{"id":12528,"date":"2021-04-29T15:56:58","date_gmt":"2021-04-29T15:56:58","guid":{"rendered":"https:\/\/citil.av.tr\/?page_id=12528"},"modified":"2021-04-30T13:03:11","modified_gmt":"2021-04-30T13:03:11","slug":"is-basvuru-formu","status":"publish","type":"page","link":"https:\/\/citil.av.tr\/en\/is-basvuru-formu\/","title":{"rendered":"Career"},"content":{"rendered":"<div class=\"row\"><div class=\"wpv-grid grid-1-1  wpv-first-level first has-background extended\" style=\"background-color:#EFEFEF;padding-top:60px;padding-bottom:15px\" id=\"wpv-column-bf1b144b91efe82499cb036f9dd67ac5\" ><div class=\"extended-column-inner\"><style>#wpv-column-bf1b144b91efe82499cb036f9dd67ac5 p,#wpv-column-bf1b144b91efe82499cb036f9dd67ac5 em,#wpv-column-bf1b144b91efe82499cb036f9dd67ac5 .column-title,#wpv-column-bf1b144b91efe82499cb036f9dd67ac5 .sep-text h2.regular-title-wrapper,#wpv-column-bf1b144b91efe82499cb036f9dd67ac5 .text-divider-double,#wpv-column-bf1b144b91efe82499cb036f9dd67ac5 .sep-text .sep-text-line,#wpv-column-bf1b144b91efe82499cb036f9dd67ac5 .sep,#wpv-column-bf1b144b91efe82499cb036f9dd67ac5 .sep-2,#wpv-column-bf1b144b91efe82499cb036f9dd67ac5 .sep-3,#wpv-column-bf1b144b91efe82499cb036f9dd67ac5 td,#wpv-column-bf1b144b91efe82499cb036f9dd67ac5 th,#wpv-column-bf1b144b91efe82499cb036f9dd67ac5 caption{color:#707070;}#wpv-column-bf1b144b91efe82499cb036f9dd67ac5:before{background-color:transparent;}<\/style><div class=\"row\"><div class=\"wpv-grid grid-1-1  first unextended\" style=\"padding-top:0px;padding-bottom:0px\" id=\"wpv-column-5c7d72017d97d36a8ad277b26ddf8ab3\" ><p>We are looking for colleagues who are confident in their strength  and self-confidence for our ever growing law firm.<\/p>\n<p>Your personal datas are processed within the scope of the job or internship application that you have submitted \/ will submit to us in accordance with the Law No. 6698 on the Protection of Personal Data (the \u201cLaw\") and the relevant legislation.<\/p>\n<p>We value each application directed to us and is kept in our candidate pool for further evaluation.<\/p>\n<p>Ayd\u0131nlatma metnine <a href=\"https:\/\/citil.av.tr\/en\/kisisel-verilerin-islenmesine-iliskin-aydinlatma-metni\/\">buradan<\/a> ula\u015fabilirsiniz.<\/div><\/div>\n\t\t<div class=\"sep-text single centered\">\n\t\t\t\t\t\t\t<span class=\"sep-text-before\"><div class=\"sep-text-line\"><\/div><\/span>\n\t\t\t\t\t\t<div class=\"content\">\n\t\t\t\t<h2 class=\"text-divider-double\">\nJob Application Form<\/h2>\t\t\t<\/div>\n\t\t\t<span class=\"sep-text-after\"><div class=\"sep-text-line\"><\/div><\/span>\n\t\t\t\t\t<\/div>\n\t\n<div class=\"row\"><div class=\"wpv-grid grid-1-1  first unextended\" style=\"padding-top:0px;padding-bottom:0px\" id=\"wpv-column-3875b135b80c0f9c34e3a332b9447797\" ><p>\n<div class=\"wpcf7 no-js\" id=\"wpcf7-f12550-o1\" lang=\"tr-TR\" dir=\"ltr\">\n<div class=\"screen-reader-response\"><p role=\"status\" aria-live=\"polite\" aria-atomic=\"true\"><\/p> <ul><\/ul><\/div>\n<form action=\"\/en\/wp-json\/wp\/v2\/pages\/12528#wpcf7-f12550-o1\" method=\"post\" class=\"wpcf7-form init wpcf7-acceptance-as-validation\" aria-label=\"Contact form\" enctype=\"multipart\/form-data\" novalidate=\"novalidate\" data-status=\"init\" data-trp-original-action=\"\/en\/wp-json\/wp\/v2\/pages\/12528#wpcf7-f12550-o1\">\n<div style=\"display: none;\">\n<input type=\"hidden\" name=\"_wpcf7\" value=\"12550\" \/>\n<input type=\"hidden\" name=\"_wpcf7_version\" value=\"5.7.7\" \/>\n<input type=\"hidden\" name=\"_wpcf7_locale\" value=\"tr_TR\" \/>\n<input type=\"hidden\" name=\"_wpcf7_unit_tag\" value=\"wpcf7-f12550-o1\" \/>\n<input type=\"hidden\" name=\"_wpcf7_container_post\" value=\"0\" \/>\n<input type=\"hidden\" name=\"_wpcf7_posted_data_hash\" value=\"\" \/>\n<input type=\"hidden\" name=\"_wpcf7_recaptcha_response\" value=\"\" \/>\n<\/div>\n<div class=\"vamtam-rsvp-form\">\n\t<div class=\"row\">\n\t\t<div class=\"grid-1-3\">\n\t\t\t<p><label><span class=\"wpcf7-form-control-wrap\" data-name=\"your-name\"><input size=\"40\" class=\"wpcf7-form-control wpcf7-text wpcf7-validates-as-required\" aria-required=\"true\" aria-invalid=\"false\" placeholder=\"Name Surname\" value=\"\" type=\"text\" name=\"your-name\" \/><\/span><\/label>\n\t\t\t<\/p>\n\t\t<\/div>\n\t\t<div class=\"grid-1-3\">\n\t\t\t<p><label><span class=\"wpcf7-form-control-wrap\" data-name=\"your-email\"><input size=\"40\" class=\"wpcf7-form-control wpcf7-text wpcf7-email wpcf7-validates-as-required wpcf7-validates-as-email\" aria-required=\"true\" aria-invalid=\"false\" placeholder=\"E-Mail\" value=\"\" type=\"email\" name=\"your-email\" \/><\/span><\/label>\n\t\t\t<\/p>\n\t\t<\/div>\n\t\t<div class=\"grid-1-3\">\n\t\t\t<p><label> <span class=\"wpcf7-form-control-wrap\" data-name=\"tel-133\"><input size=\"40\" class=\"wpcf7-form-control wpcf7-text wpcf7-tel wpcf7-validates-as-required wpcf7-validates-as-tel\" aria-required=\"true\" aria-invalid=\"false\" placeholder=\"Phone Number\" value=\"\" type=\"tel\" name=\"tel-133\" \/><\/span><\/label>\n\t\t\t<\/p>\n\t\t<\/div>\n\t\t<div class=\"grid-1-2\">\n\t\t\t<p><label><span class=\"wpcf7-form-control-wrap\" data-name=\"your-link\"><input size=\"40\" class=\"wpcf7-form-control wpcf7-text\" aria-invalid=\"false\" placeholder=\"Linkedin\" value=\"\" type=\"text\" name=\"your-link\" \/><\/span><\/label>\n\t\t\t<\/p>\n\t\t<\/div>\n\t\t<div class=\"grid-1-2\">\n\t\t\t<p><label><span class=\"wpcf7-form-control-wrap\" data-name=\"menu-pozisyon\"><select class=\"wpcf7-form-control wpcf7-select wpcf7-validates-as-required\" aria-required=\"true\" aria-invalid=\"false\" name=\"menu-pozisyon\"><option value=\"\">Ba\u015fvuru Pozisyonu Se\u00e7in \u25bc<\/option><option value=\"Avukat\">Avukat<\/option><option value=\"Stajyer Avukat\">Stajyer Avukat<\/option><option value=\"Akademisyen\">Akademisyen<\/option><option value=\"Mali M\u00fc\u015favir\">Mali M\u00fc\u015favir<\/option><option value=\"\u0130dari Personel\">\u0130dari Personel<\/option><option value=\"Hukuk Fak\u00fcltesi \u00d6\u011frencisi\">Hukuk Fak\u00fcltesi \u00d6\u011frencisi<\/option><\/select><\/span><\/label>\n\t\t\t<\/p>\n\t\t<\/div>\n\t<\/div>\n\t<div class=\"grid-1-1\">\n\t\t<p>You can add CV\/Document if available. Acceptable file formats are pdf, doc and docx. Maximum file size is 2MB.\n\t\t<\/p>\n\t<\/div>\n\t<div class=\"grid-1-1\">\n\t\t<p><label><span class=\"wpcf7-form-control-wrap\" data-name=\"file-861\"><input size=\"40\" class=\"wpcf7-form-control wpcf7-file\" accept=\".pdf,.docx,.doc\" aria-invalid=\"false\" type=\"file\" name=\"file-861\" \/><\/span><\/label>\n\t\t<\/p>\n\t<\/div>\n\t<div class=\"grid-1-1\">\n\t\t<p><span class=\"wpcf7-form-control-wrap\" data-name=\"acceptance-886\"><span class=\"wpcf7-form-control wpcf7-acceptance\"><span class=\"wpcf7-list-item\"><label><input type=\"checkbox\" name=\"acceptance-886\" value=\"1\" aria-invalid=\"false\" \/><span class=\"wpcf7-list-item-label\">All personal data you share in the Job Application Form will be processed by us during the job application and evaluation processes. You can access the Personal Data Protection Law No. 6698 (LPPD) Information Text above. I have read, understood and accepted the information regarding the use of personal data obtained in the Job Application Form.<\/span><\/label><\/span><\/span><\/span>\n\t\t<\/p>\n\t<\/div>\n\t<div style= \"text-align: center;\">\n\t\t<p><input class=\"wpcf7-form-control has-spinner wpcf7-submit\" type=\"submit\" value=\"Apply \u2192\" \/>\n\t\t<\/p>\n\t<\/div>\n<\/div><input type='hidden' class='wpcf7-pum' value='{\"closepopup\":false,\"closedelay\":0,\"openpopup\":false,\"openpopup_id\":0}' \/><div class=\"wpcf7-response-output\" aria-hidden=\"true\"><\/div>\n<input type=\"hidden\" name=\"trp-form-language\" value=\"en\"\/><\/form>\n<\/div>\n<\/div><\/div>\n<div class=\"push\" style='height:30px'><\/div><\/div><\/div><\/div>","protected":false},"excerpt":{"rendered":"<p>B\u00fcy\u00fcyen hukuk firmam\u0131za g\u00fcc\u00fcne, gelece\u011fine ve kendine g\u00fcvenen \u00e7al\u0131\u015fma arkada\u015flar\u0131 ar\u0131yoruz. \u00c7itil Avukatl\u0131\u011f\u0131 olarak sizler ile \u00e7al\u0131\u015fmaktan memnuniyet duyar\u0131z. \u0130\u015f ba\u015fvurusu ve i\u015fe al\u0131m s\u00fcre\u00e7leri kapsam\u0131nda bize sa\u011flam\u0131\u015f oldu\u011funuz ki\u015fisel verileriniz, \u00c7itil Avukatl\u0131k Ortakl\u0131\u011f\u0131 olarak 6698 say\u0131l\u0131 Ki\u015fisel Verilerin Korunmas\u0131 Kanunu kapsam\u0131nda i\u015flenmektedir. Yap\u0131lan her ba\u015fvuru bizim i\u00e7in de\u011ferlidir ve aday havuzumuzda saklanmaktad\u0131r. Ayd\u0131nlatma metnine&#8230;<\/p>","protected":false},"author":1,"featured_media":0,"parent":0,"menu_order":0,"comment_status":"closed","ping_status":"closed","template":"","meta":[],"yoast_head":"<!-- This site is optimized with the Yoast SEO plugin v21.1 - https:\/\/yoast.com\/wordpress\/plugins\/seo\/ -->\n<title>Kariyer - \u00c7itil Avukatl\u0131k Ortakl\u0131\u011f\u0131<\/title>\n<meta name=\"description\" content=\"B\u00fcy\u00fcyen hukuk firmam\u0131za g\u00fcc\u00fcne, gelece\u011fine ve kendine g\u00fcvenen \u00e7al\u0131\u015fma arkada\u015flar\u0131 ar\u0131yoruz. \u0130\u015f ba\u015fvuru formunu doldurman\u0131z yeterli.\" \/>\n<meta name=\"robots\" content=\"index, follow, max-snippet:-1, max-image-preview:large, max-video-preview:-1\" \/>\n<link rel=\"canonical\" href=\"https:\/\/citil.av.tr\/en\/is-basvuru-formu\/\" \/>\n<meta property=\"og:locale\" content=\"en_US\" \/>\n<meta property=\"og:type\" content=\"article\" \/>\n<meta property=\"og:title\" content=\"Kariyer - \u00c7itil Avukatl\u0131k Ortakl\u0131\u011f\u0131\" \/>\n<meta property=\"og:description\" content=\"B\u00fcy\u00fcyen hukuk firmam\u0131za g\u00fcc\u00fcne, gelece\u011fine ve kendine g\u00fcvenen \u00e7al\u0131\u015fma arkada\u015flar\u0131 ar\u0131yoruz. \u0130\u015f ba\u015fvuru formunu doldurman\u0131z yeterli.\" \/>\n<meta property=\"og:url\" content=\"https:\/\/citil.av.tr\/en\/is-basvuru-formu\/\" \/>\n<meta property=\"og:site_name\" content=\"\u00c7itil Avukatl\u0131k Ortakl\u0131\u011f\u0131\" \/>\n<meta property=\"article:publisher\" content=\"https:\/\/wwwfacebook.com\/citillaw\" \/>\n<meta property=\"article:modified_time\" content=\"2021-04-30T13:03:11+00:00\" \/>\n<meta property=\"og:image\" content=\"https:\/\/citil.av.tr\/wp-content\/uploads\/2020\/12\/Vergi-Hukuku.jpg\" \/>\n\t<meta property=\"og:image:width\" content=\"1920\" \/>\n\t<meta property=\"og:image:height\" content=\"1080\" \/>\n\t<meta property=\"og:image:type\" content=\"image\/jpeg\" \/>\n<meta name=\"twitter:card\" content=\"summary_large_image\" \/>\n<meta name=\"twitter:site\" content=\"@citillaw\" \/>\n<meta name=\"twitter:label1\" content=\"Est. reading time\" \/>\n\t<meta name=\"twitter:data1\" content=\"1 minute\" \/>\n<script type=\"application\/ld+json\" class=\"yoast-schema-graph\">{\"@context\":\"https:\/\/schema.org\",\"@graph\":[{\"@type\":\"WebPage\",\"@id\":\"https:\/\/citil.av.tr\/is-basvuru-formu\/\",\"url\":\"https:\/\/citil.av.tr\/is-basvuru-formu\/\",\"name\":\"Kariyer - \u00c7itil Avukatl\u0131k Ortakl\u0131\u011f\u0131\",\"isPartOf\":{\"@id\":\"https:\/\/citil.av.tr\/en\/#website\"},\"datePublished\":\"2021-04-29T15:56:58+00:00\",\"dateModified\":\"2021-04-30T13:03:11+00:00\",\"description\":\"B\u00fcy\u00fcyen hukuk firmam\u0131za g\u00fcc\u00fcne, gelece\u011fine ve kendine g\u00fcvenen \u00e7al\u0131\u015fma arkada\u015flar\u0131 ar\u0131yoruz. \u0130\u015f ba\u015fvuru formunu doldurman\u0131z yeterli.\",\"breadcrumb\":{\"@id\":\"https:\/\/citil.av.tr\/is-basvuru-formu\/#breadcrumb\"},\"inLanguage\":\"en-US\",\"potentialAction\":[{\"@type\":\"ReadAction\",\"target\":[\"https:\/\/citil.av.tr\/is-basvuru-formu\/\"]}]},{\"@type\":\"BreadcrumbList\",\"@id\":\"https:\/\/citil.av.tr\/is-basvuru-formu\/#breadcrumb\",\"itemListElement\":[{\"@type\":\"ListItem\",\"position\":1,\"name\":\"Anasayfa\",\"item\":\"https:\/\/citil.av.tr\/\"},{\"@type\":\"ListItem\",\"position\":2,\"name\":\"Kariyer\"}]},{\"@type\":\"WebSite\",\"@id\":\"https:\/\/citil.av.tr\/en\/#website\",\"url\":\"https:\/\/citil.av.tr\/en\/\",\"name\":\"\u00c7itil Avukatl\u0131k Ortakl\u0131\u011f\u0131\",\"description\":\"\u00c7itil Avukatl\u0131k Ortakl\u0131\u011f\u0131\",\"publisher\":{\"@id\":\"https:\/\/citil.av.tr\/en\/#organization\"},\"potentialAction\":[{\"@type\":\"SearchAction\",\"target\":{\"@type\":\"EntryPoint\",\"urlTemplate\":\"https:\/\/citil.av.tr\/en\/?s={search_term_string}\"},\"query-input\":\"required name=search_term_string\"}],\"inLanguage\":\"en-US\"},{\"@type\":\"Organization\",\"@id\":\"https:\/\/citil.av.tr\/en\/#organization\",\"name\":\"\u00c7itil Avukatl\u0131k Ortakl\u0131\u011f\u0131\",\"url\":\"https:\/\/citil.av.tr\/en\/\",\"logo\":{\"@type\":\"ImageObject\",\"inLanguage\":\"en-US\",\"@id\":\"https:\/\/citil.av.tr\/en\/#\/schema\/logo\/image\/\",\"url\":\"https:\/\/citil.av.tr\/wp-content\/uploads\/2020\/11\/citillaw.png\",\"contentUrl\":\"https:\/\/citil.av.tr\/wp-content\/uploads\/2020\/11\/citillaw.png\",\"width\":540,\"height\":118,\"caption\":\"\u00c7itil Avukatl\u0131k Ortakl\u0131\u011f\u0131\"},\"image\":{\"@id\":\"https:\/\/citil.av.tr\/en\/#\/schema\/logo\/image\/\"},\"sameAs\":[\"https:\/\/wwwfacebook.com\/citillaw\",\"https:\/\/twitter.com\/citillaw\",\"https:\/\/instagram.com\/citillaw\",\"https:\/\/www.linkedin.com\/company\/citillaw\/\",\"https:\/\/www.youtube.com\/channel\/UCnDUExMdk-zREsgxkg0GGTg\"]}]}<\/script>\n<!-- \/ Yoast SEO plugin. -->","yoast_head_json":{"title":"Kariyer - \u00c7itil Avukatl\u0131k Ortakl\u0131\u011f\u0131","description":"B\u00fcy\u00fcyen hukuk firmam\u0131za g\u00fcc\u00fcne, gelece\u011fine ve kendine g\u00fcvenen \u00e7al\u0131\u015fma arkada\u015flar\u0131 ar\u0131yoruz. \u0130\u015f ba\u015fvuru formunu doldurman\u0131z yeterli.","robots":{"index":"index","follow":"follow","max-snippet":"max-snippet:-1","max-image-preview":"max-image-preview:large","max-video-preview":"max-video-preview:-1"},"canonical":"https:\/\/citil.av.tr\/en\/is-basvuru-formu\/","og_locale":"en_US","og_type":"article","og_title":"Kariyer - \u00c7itil Avukatl\u0131k Ortakl\u0131\u011f\u0131","og_description":"B\u00fcy\u00fcyen hukuk firmam\u0131za g\u00fcc\u00fcne, gelece\u011fine ve kendine g\u00fcvenen \u00e7al\u0131\u015fma arkada\u015flar\u0131 ar\u0131yoruz. \u0130\u015f ba\u015fvuru formunu doldurman\u0131z yeterli.","og_url":"https:\/\/citil.av.tr\/en\/is-basvuru-formu\/","og_site_name":"\u00c7itil Avukatl\u0131k Ortakl\u0131\u011f\u0131","article_publisher":"https:\/\/wwwfacebook.com\/citillaw","article_modified_time":"2021-04-30T13:03:11+00:00","og_image":[{"width":1920,"height":1080,"url":"https:\/\/citil.av.tr\/wp-content\/uploads\/2020\/12\/Vergi-Hukuku.jpg","type":"image\/jpeg"}],"twitter_card":"summary_large_image","twitter_site":"@citillaw","twitter_misc":{"Est. reading time":"1 minute"},"schema":{"@context":"https:\/\/schema.org","@graph":[{"@type":"WebPage","@id":"https:\/\/citil.av.tr\/is-basvuru-formu\/","url":"https:\/\/citil.av.tr\/is-basvuru-formu\/","name":"Kariyer - \u00c7itil Avukatl\u0131k Ortakl\u0131\u011f\u0131","isPartOf":{"@id":"https:\/\/citil.av.tr\/en\/#website"},"datePublished":"2021-04-29T15:56:58+00:00","dateModified":"2021-04-30T13:03:11+00:00","description":"B\u00fcy\u00fcyen hukuk firmam\u0131za g\u00fcc\u00fcne, gelece\u011fine ve kendine g\u00fcvenen \u00e7al\u0131\u015fma arkada\u015flar\u0131 ar\u0131yoruz. \u0130\u015f ba\u015fvuru formunu doldurman\u0131z yeterli.","breadcrumb":{"@id":"https:\/\/citil.av.tr\/is-basvuru-formu\/#breadcrumb"},"inLanguage":"en-US","potentialAction":[{"@type":"ReadAction","target":["https:\/\/citil.av.tr\/is-basvuru-formu\/"]}]},{"@type":"BreadcrumbList","@id":"https:\/\/citil.av.tr\/is-basvuru-formu\/#breadcrumb","itemListElement":[{"@type":"ListItem","position":1,"name":"Anasayfa","item":"https:\/\/citil.av.tr\/"},{"@type":"ListItem","position":2,"name":"Kariyer"}]},{"@type":"WebSite","@id":"https:\/\/citil.av.tr\/en\/#website","url":"https:\/\/citil.av.tr\/en\/","name":"Citil Attorney Partnership","description":"Citil Attorney Partnership","publisher":{"@id":"https:\/\/citil.av.tr\/en\/#organization"},"potentialAction":[{"@type":"SearchAction","target":{"@type":"EntryPoint","urlTemplate":"https:\/\/citil.av.tr\/en\/?s={search_term_string}"},"query-input":"required name=search_term_string"}],"inLanguage":"en-US"},{"@type":"Organization","@id":"https:\/\/citil.av.tr\/en\/#organization","name":"Citil Attorney Partnership","url":"https:\/\/citil.av.tr\/en\/","logo":{"@type":"ImageObject","inLanguage":"en-US","@id":"https:\/\/citil.av.tr\/en\/#\/schema\/logo\/image\/","url":"https:\/\/citil.av.tr\/wp-content\/uploads\/2020\/11\/citillaw.png","contentUrl":"https:\/\/citil.av.tr\/wp-content\/uploads\/2020\/11\/citillaw.png","width":540,"height":118,"caption":"\u00c7itil Avukatl\u0131k Ortakl\u0131\u011f\u0131"},"image":{"@id":"https:\/\/citil.av.tr\/en\/#\/schema\/logo\/image\/"},"sameAs":["https:\/\/wwwfacebook.com\/citillaw","https:\/\/twitter.com\/citillaw","https:\/\/instagram.com\/citillaw","https:\/\/www.linkedin.com\/company\/citillaw\/","https:\/\/www.youtube.com\/channel\/UCnDUExMdk-zREsgxkg0GGTg"]}]}},"post_mailing_queue_ids":[],"_links":{"self":[{"href":"https:\/\/citil.av.tr\/en\/wp-json\/wp\/v2\/pages\/12528"}],"collection":[{"href":"https:\/\/citil.av.tr\/en\/wp-json\/wp\/v2\/pages"}],"about":[{"href":"https:\/\/citil.av.tr\/en\/wp-json\/wp\/v2\/types\/page"}],"author":[{"embeddable":true,"href":"https:\/\/citil.av.tr\/en\/wp-json\/wp\/v2\/users\/1"}],"replies":[{"embeddable":true,"href":"https:\/\/citil.av.tr\/en\/wp-json\/wp\/v2\/comments?post=12528"}],"version-history":[{"count":0,"href":"https:\/\/citil.av.tr\/en\/wp-json\/wp\/v2\/pages\/12528\/revisions"}],"wp:attachment":[{"href":"https:\/\/citil.av.tr\/en\/wp-json\/wp\/v2\/media?parent=12528"}],"curies":[{"name":"wp","href":"https:\/\/api.w.org\/{rel}","templated":true}]}}