{"id":14224,"date":"2023-11-06T10:19:53","date_gmt":"2023-11-06T07:19:53","guid":{"rendered":"https:\/\/citil.av.tr\/?page_id=14224"},"modified":"2023-11-06T11:01:03","modified_gmt":"2023-11-06T08:01:03","slug":"caiisma-alanlarimiz","status":"publish","type":"page","link":"https:\/\/citil.av.tr\/en\/caiisma-alanlarimiz\/","title":{"rendered":"\u00c7al\u0131\u015fma Alanlar\u0131m\u0131z"},"content":{"rendered":"<div class=\"push\" style='height:50px'><\/div>\n<div class=\"row\"><div class=\"wpv-grid grid-1-3  wpv-first-level first unextended\" style=\"padding-top:65px;padding-bottom:0px\" id=\"wpv-column-b0c041f5b720b3f220ad337d1cd6fa39\" ><div class=\"row\"><div class=\"wpv-grid grid-1-1  first unextended\" style=\"padding-top:0px;padding-bottom:0px\" id=\"wpv-column-d966c5f662a9d2a319fdf5e645c7d46b\" >\n<div  data-target=\"_self\" class=\"linkarea clearfix   background-transparent\">\n\t\t\t\t<div class=\"last\"><h3 style=\"text-align: center;\">INDUSTRY<\/h3>\n<div class=\"push\" style='margin-bottom:-20px'><\/div>\n<div class=\"sep-2\"><\/div>\n<ul>\n<li>Technology<\/li>\n<li>Pharmaceuticals &amp; Healthcare<\/li>\n<li>Capital Markets<\/li>\n<li>Banking &amp; Finance<\/li>\n<li>Real Estate &amp; Project Development<\/li>\n<li>Construction<\/li>\n<\/ul>\n<div class=\"push\" style='height:30px'><\/div><\/div>\n\t<\/div><\/div><\/div><\/div>\n<div class=\"wpv-grid grid-1-3 add-border wpv-first-level unextended\" style=\"padding-top:0px;padding-bottom:0px\" id=\"wpv-column-48428db7c1778a84d977ed0537ad25d7\" ><div class=\"row\"><div class=\"wpv-grid grid-1-1  first unextended\" style=\"padding-top:0px;padding-bottom:0px\" id=\"wpv-column-39c9b9c2b4734125b82fe5d8a20afed7\" >\n<div  data-target=\"_self\" class=\"linkarea clearfix   background-transparent\">\n\t\t\t\t<div class=\"last\"><h3 style=\"text-align: center;\">SERVICES<\/h3>\n<div class=\"push\" style='margin-bottom:-20px'><\/div>\n<div class=\"sep-2\"><\/div>\n<ul>\n<li>Competition Law<\/li>\n<li>Asset Finance<\/li>\n<li>Human Rights<\/li>\n<li>Capital Markets<\/li>\n<li>Commercial Ligitation<\/li>\n<li>Construction<\/li>\n<li>Data, Privacy &amp; Cybersecurity<\/li>\n<li>Debt Finance<\/li>\n<li>Employment, Compensation &amp; Benefits<\/li>\n<li>Energy<\/li>\n<li>Environment &amp; Climate Change<\/li>\n<li>Finance<\/li>\n<li>Foreign Direct Investment (FRI)<\/li>\n<li>Intellectual Property<\/li>\n<li>Internation Arbitration<\/li>\n<li>Islamic Finance<\/li>\n<li>Mergers &amp; Acquisition<\/li>\n<li>Private Wealth &amp; Family Offices<\/li>\n<li>Sports<\/li>\n<li>Tax<\/li>\n<li>FinTech<\/li>\n<li>Real Estate<\/li>\n<li>Construction Zoning and Urban Transformation<\/li>\n<\/ul>\n<div class=\"push\" style='height:30px'><\/div><\/div>\n\t<\/div><\/div><\/div><\/div><\/div>\n<div class=\"row\"><div class=\"wpv-grid grid-1-1  wpv-first-level first unextended\" style=\"padding-top:0px;padding-bottom:0px\" id=\"wpv-column-3e0c03edac99667eb05708a5300bf59b\" ><div class=\"sitemap\"><\/div><\/div><\/div>","protected":false},"excerpt":{"rendered":"","protected":false},"author":1,"featured_media":0,"parent":0,"menu_order":0,"comment_status":"closed","ping_status":"closed","template":"","meta":[],"yoast_head":"<!-- This site is optimized with the Yoast SEO plugin v21.1 - https:\/\/yoast.com\/wordpress\/plugins\/seo\/ -->\n<title>\u00c7al\u0131\u015fma Alanlar\u0131m\u0131z - \u00c7itil Avukatl\u0131k Ortakl\u0131\u011f\u0131<\/title>\n<meta name=\"description\" content=\"\u015eirketler, ceza, fikri m\u00fclkiyet, sa\u011fl\u0131k, yabanc\u0131lar, vergi, aile, bili\u015fim, e\u015fya, gayrimenkul, , i\u015f hukuku gibi alanlarda hizmet vermekteyiz.\" \/>\n<meta name=\"robots\" content=\"index, follow, max-snippet:-1, max-image-preview:large, max-video-preview:-1\" \/>\n<link rel=\"canonical\" href=\"https:\/\/citil.av.tr\/en\/caiisma-alanlarimiz\/\" \/>\n<meta property=\"og:locale\" content=\"en_US\" \/>\n<meta property=\"og:type\" content=\"article\" \/>\n<meta property=\"og:title\" content=\"\u00c7al\u0131\u015fma Alanlar\u0131m\u0131z - \u00c7itil Avukatl\u0131k Ortakl\u0131\u011f\u0131\" \/>\n<meta property=\"og:description\" content=\"\u015eirketler, ceza, fikri m\u00fclkiyet, sa\u011fl\u0131k, yabanc\u0131lar, vergi, aile, bili\u015fim, e\u015fya, gayrimenkul, , i\u015f hukuku gibi alanlarda hizmet vermekteyiz.\" \/>\n<meta property=\"og:url\" content=\"https:\/\/citil.av.tr\/en\/caiisma-alanlarimiz\/\" \/>\n<meta property=\"og:site_name\" content=\"\u00c7itil Avukatl\u0131k Ortakl\u0131\u011f\u0131\" \/>\n<meta property=\"article:publisher\" content=\"https:\/\/wwwfacebook.com\/citillaw\" \/>\n<meta property=\"article:modified_time\" content=\"2023-11-06T08:01:03+00:00\" \/>\n<meta property=\"og:image\" content=\"https:\/\/citil.av.tr\/wp-content\/uploads\/2020\/12\/Vergi-Hukuku.jpg\" \/>\n\t<meta property=\"og:image:width\" content=\"1920\" \/>\n\t<meta property=\"og:image:height\" content=\"1080\" \/>\n\t<meta property=\"og:image:type\" content=\"image\/jpeg\" \/>\n<meta name=\"twitter:card\" content=\"summary_large_image\" \/>\n<meta name=\"twitter:site\" content=\"@citillaw\" \/>\n<meta name=\"twitter:label1\" content=\"Est. reading time\" \/>\n\t<meta name=\"twitter:data1\" content=\"3 minutes\" \/>\n<script type=\"application\/ld+json\" class=\"yoast-schema-graph\">{\"@context\":\"https:\/\/schema.org\",\"@graph\":[{\"@type\":\"WebPage\",\"@id\":\"https:\/\/citil.av.tr\/caiisma-alanlarimiz\/\",\"url\":\"https:\/\/citil.av.tr\/caiisma-alanlarimiz\/\",\"name\":\"\u00c7al\u0131\u015fma Alanlar\u0131m\u0131z - \u00c7itil Avukatl\u0131k Ortakl\u0131\u011f\u0131\",\"isPartOf\":{\"@id\":\"https:\/\/citil.av.tr\/en\/#website\"},\"datePublished\":\"2023-11-06T07:19:53+00:00\",\"dateModified\":\"2023-11-06T08:01:03+00:00\",\"description\":\"\u015eirketler, ceza, fikri m\u00fclkiyet, sa\u011fl\u0131k, yabanc\u0131lar, vergi, aile, bili\u015fim, e\u015fya, gayrimenkul, , i\u015f hukuku gibi alanlarda hizmet vermekteyiz.\",\"breadcrumb\":{\"@id\":\"https:\/\/citil.av.tr\/caiisma-alanlarimiz\/#breadcrumb\"},\"inLanguage\":\"en-US\",\"potentialAction\":[{\"@type\":\"ReadAction\",\"target\":[\"https:\/\/citil.av.tr\/caiisma-alanlarimiz\/\"]}]},{\"@type\":\"BreadcrumbList\",\"@id\":\"https:\/\/citil.av.tr\/caiisma-alanlarimiz\/#breadcrumb\",\"itemListElement\":[{\"@type\":\"ListItem\",\"position\":1,\"name\":\"Anasayfa\",\"item\":\"https:\/\/citil.av.tr\/\"},{\"@type\":\"ListItem\",\"position\":2,\"name\":\"\u00c7al\u0131\u015fma Alanlar\u0131m\u0131z\"}]},{\"@type\":\"WebSite\",\"@id\":\"https:\/\/citil.av.tr\/en\/#website\",\"url\":\"https:\/\/citil.av.tr\/en\/\",\"name\":\"\u00c7itil Avukatl\u0131k Ortakl\u0131\u011f\u0131\",\"description\":\"\u00c7itil Avukatl\u0131k Ortakl\u0131\u011f\u0131\",\"publisher\":{\"@id\":\"https:\/\/citil.av.tr\/en\/#organization\"},\"potentialAction\":[{\"@type\":\"SearchAction\",\"target\":{\"@type\":\"EntryPoint\",\"urlTemplate\":\"https:\/\/citil.av.tr\/en\/?s={search_term_string}\"},\"query-input\":\"required name=search_term_string\"}],\"inLanguage\":\"en-US\"},{\"@type\":\"Organization\",\"@id\":\"https:\/\/citil.av.tr\/en\/#organization\",\"name\":\"\u00c7itil Avukatl\u0131k Ortakl\u0131\u011f\u0131\",\"url\":\"https:\/\/citil.av.tr\/en\/\",\"logo\":{\"@type\":\"ImageObject\",\"inLanguage\":\"en-US\",\"@id\":\"https:\/\/citil.av.tr\/en\/#\/schema\/logo\/image\/\",\"url\":\"https:\/\/citil.av.tr\/wp-content\/uploads\/2020\/11\/citillaw.png\",\"contentUrl\":\"https:\/\/citil.av.tr\/wp-content\/uploads\/2020\/11\/citillaw.png\",\"width\":540,\"height\":118,\"caption\":\"\u00c7itil Avukatl\u0131k Ortakl\u0131\u011f\u0131\"},\"image\":{\"@id\":\"https:\/\/citil.av.tr\/en\/#\/schema\/logo\/image\/\"},\"sameAs\":[\"https:\/\/wwwfacebook.com\/citillaw\",\"https:\/\/twitter.com\/citillaw\",\"https:\/\/instagram.com\/citillaw\",\"https:\/\/www.linkedin.com\/company\/citillaw\/\",\"https:\/\/www.youtube.com\/channel\/UCnDUExMdk-zREsgxkg0GGTg\"]}]}<\/script>\n<!-- \/ Yoast SEO plugin. -->","yoast_head_json":{"title":"\u00c7al\u0131\u015fma Alanlar\u0131m\u0131z - \u00c7itil Avukatl\u0131k Ortakl\u0131\u011f\u0131","description":"\u015eirketler, ceza, fikri m\u00fclkiyet, sa\u011fl\u0131k, yabanc\u0131lar, vergi, aile, bili\u015fim, e\u015fya, gayrimenkul, , i\u015f hukuku gibi alanlarda hizmet vermekteyiz.","robots":{"index":"index","follow":"follow","max-snippet":"max-snippet:-1","max-image-preview":"max-image-preview:large","max-video-preview":"max-video-preview:-1"},"canonical":"https:\/\/citil.av.tr\/en\/caiisma-alanlarimiz\/","og_locale":"en_US","og_type":"article","og_title":"\u00c7al\u0131\u015fma Alanlar\u0131m\u0131z - \u00c7itil Avukatl\u0131k Ortakl\u0131\u011f\u0131","og_description":"\u015eirketler, ceza, fikri m\u00fclkiyet, sa\u011fl\u0131k, yabanc\u0131lar, vergi, aile, bili\u015fim, e\u015fya, gayrimenkul, , i\u015f hukuku gibi alanlarda hizmet vermekteyiz.","og_url":"https:\/\/citil.av.tr\/en\/caiisma-alanlarimiz\/","og_site_name":"\u00c7itil Avukatl\u0131k Ortakl\u0131\u011f\u0131","article_publisher":"https:\/\/wwwfacebook.com\/citillaw","article_modified_time":"2023-11-06T08:01:03+00:00","og_image":[{"width":1920,"height":1080,"url":"https:\/\/citil.av.tr\/wp-content\/uploads\/2020\/12\/Vergi-Hukuku.jpg","type":"image\/jpeg"}],"twitter_card":"summary_large_image","twitter_site":"@citillaw","twitter_misc":{"Est. reading time":"3 minutes"},"schema":{"@context":"https:\/\/schema.org","@graph":[{"@type":"WebPage","@id":"https:\/\/citil.av.tr\/caiisma-alanlarimiz\/","url":"https:\/\/citil.av.tr\/caiisma-alanlarimiz\/","name":"\u00c7al\u0131\u015fma Alanlar\u0131m\u0131z - \u00c7itil Avukatl\u0131k Ortakl\u0131\u011f\u0131","isPartOf":{"@id":"https:\/\/citil.av.tr\/en\/#website"},"datePublished":"2023-11-06T07:19:53+00:00","dateModified":"2023-11-06T08:01:03+00:00","description":"\u015eirketler, ceza, fikri m\u00fclkiyet, sa\u011fl\u0131k, yabanc\u0131lar, vergi, aile, bili\u015fim, e\u015fya, gayrimenkul, , i\u015f hukuku gibi alanlarda hizmet vermekteyiz.","breadcrumb":{"@id":"https:\/\/citil.av.tr\/caiisma-alanlarimiz\/#breadcrumb"},"inLanguage":"en-US","potentialAction":[{"@type":"ReadAction","target":["https:\/\/citil.av.tr\/caiisma-alanlarimiz\/"]}]},{"@type":"BreadcrumbList","@id":"https:\/\/citil.av.tr\/caiisma-alanlarimiz\/#breadcrumb","itemListElement":[{"@type":"ListItem","position":1,"name":"Anasayfa","item":"https:\/\/citil.av.tr\/"},{"@type":"ListItem","position":2,"name":"\u00c7al\u0131\u015fma Alanlar\u0131m\u0131z"}]},{"@type":"WebSite","@id":"https:\/\/citil.av.tr\/en\/#website","url":"https:\/\/citil.av.tr\/en\/","name":"Citil Attorney Partnership","description":"Citil Attorney Partnership","publisher":{"@id":"https:\/\/citil.av.tr\/en\/#organization"},"potentialAction":[{"@type":"SearchAction","target":{"@type":"EntryPoint","urlTemplate":"https:\/\/citil.av.tr\/en\/?s={search_term_string}"},"query-input":"required name=search_term_string"}],"inLanguage":"en-US"},{"@type":"Organization","@id":"https:\/\/citil.av.tr\/en\/#organization","name":"Citil Attorney Partnership","url":"https:\/\/citil.av.tr\/en\/","logo":{"@type":"ImageObject","inLanguage":"en-US","@id":"https:\/\/citil.av.tr\/en\/#\/schema\/logo\/image\/","url":"https:\/\/citil.av.tr\/wp-content\/uploads\/2020\/11\/citillaw.png","contentUrl":"https:\/\/citil.av.tr\/wp-content\/uploads\/2020\/11\/citillaw.png","width":540,"height":118,"caption":"\u00c7itil Avukatl\u0131k Ortakl\u0131\u011f\u0131"},"image":{"@id":"https:\/\/citil.av.tr\/en\/#\/schema\/logo\/image\/"},"sameAs":["https:\/\/wwwfacebook.com\/citillaw","https:\/\/twitter.com\/citillaw","https:\/\/instagram.com\/citillaw","https:\/\/www.linkedin.com\/company\/citillaw\/","https:\/\/www.youtube.com\/channel\/UCnDUExMdk-zREsgxkg0GGTg"]}]}},"post_mailing_queue_ids":[],"_links":{"self":[{"href":"https:\/\/citil.av.tr\/en\/wp-json\/wp\/v2\/pages\/14224"}],"collection":[{"href":"https:\/\/citil.av.tr\/en\/wp-json\/wp\/v2\/pages"}],"about":[{"href":"https:\/\/citil.av.tr\/en\/wp-json\/wp\/v2\/types\/page"}],"author":[{"embeddable":true,"href":"https:\/\/citil.av.tr\/en\/wp-json\/wp\/v2\/users\/1"}],"replies":[{"embeddable":true,"href":"https:\/\/citil.av.tr\/en\/wp-json\/wp\/v2\/comments?post=14224"}],"version-history":[{"count":8,"href":"https:\/\/citil.av.tr\/en\/wp-json\/wp\/v2\/pages\/14224\/revisions"}],"predecessor-version":[{"id":14226,"href":"https:\/\/citil.av.tr\/en\/wp-json\/wp\/v2\/pages\/14224\/revisions\/14226"}],"wp:attachment":[{"href":"https:\/\/citil.av.tr\/en\/wp-json\/wp\/v2\/media?parent=14224"}],"curies":[{"name":"wp","href":"https:\/\/api.w.org\/{rel}","templated":true}]}}