{"id":31,"date":"2013-03-22T14:19:51","date_gmt":"2013-03-22T14:19:51","guid":{"rendered":"http:\/\/lawyers-attorneys.vamtam.com\/?page_id=31"},"modified":"2025-10-21T18:19:51","modified_gmt":"2025-10-21T15:19:51","slug":"iletisim","status":"publish","type":"page","link":"https:\/\/citil.av.tr\/en\/iletisim\/","title":{"rendered":"Contact"},"content":{"rendered":"<div class=\"row\"><div class=\"wpv-grid grid-1-1  wpv-first-level first unextended\" style=\"padding-top:0px;padding-bottom:0px\" id=\"wpv-column-557db8d11d8c57f623e18a68dc6bd071\" >\t\t<h2 class=\"text-divider-double\">\t\t\tOur Headquarters in Turkiye\t\t<\/h2>\t\t<div class=\"sep\"><\/div>\t<div class=\"row\"><div class=\"wpv-grid grid-1-1  first unextended animation-fade-in animated-active\" style=\"padding-top:0px;padding-bottom:0px\" id=\"wpv-column-12c14baf0d1c6634d823dca09805aea0\" ><div class=\"push\" style='margin-bottom:-30px'><\/div>\n<p style=\"text-align: center;\"><span class=\"vamtam-font-style-2 accent-4\">Please feel free to contact us.<\/span><br \/>\n<div class=\"push\" style='height:30px'><\/div><\/div><\/div>\n<div class=\"row\"><div class=\"wpv-grid grid-1-3  first unextended animation-fade-in animated-active\" style=\"padding-top:0px;padding-bottom:0px\" id=\"wpv-column-14a4a89c5021f93f65718bae8fbd248b\" ><p style=\"text-align: center;\"><span class='icon shortcode theme  use-hover' style='font-size:32px !important;color:#bf9446;'>&#57547;<\/span>\n<p style=\"text-align: center;\">Trump Towers,<br \/>\nResidence 2901,<br \/>\n34381, \u015ei\u015fli\/\u0130stanbul<br \/>\n<a href=\"https:\/\/g.page\/citillaw?share\">Navigation \u2192<\/a><\/div>\n<div class=\"wpv-grid grid-1-3  unextended animation-fade-in animated-active\" style=\"padding-top:0px;padding-bottom:0px\" id=\"wpv-column-e62a133c039bf8817f0a877b42488d00\" ><p style=\"text-align: center;\"><span class='icon shortcode theme  use-hover' style='font-size:32px !important;color:#bf9446;'>&#57530;<\/span>\n<p style=\"text-align: center;\">WORK DAYS: 09:00 \u2013 18:00<br \/>\nSATURDAY: CLOSED<br \/>\nSUNDAY: CLOSED<\/div>\n<div class=\"wpv-grid grid-1-3  unextended animation-fade-in animated-active\" style=\"padding-top:0px;padding-bottom:0px\" id=\"wpv-column-f5668acc5342df7c28dd3f9a0b327616\" ><p style=\"text-align: center;\"><span class='icon shortcode theme  use-hover' style='font-size:32px !important;color:#bf9446;'>&#57471;<\/span>\n<p style=\"text-align: center;\">Tel: +90 212 272 20 02<br \/>\nWhatsapp: +90 212 272 20 02<\/div><\/div>\n<div class=\"row\"><div class=\"wpv-grid grid-1-1  first unextended\" style=\"padding-top:0px;padding-bottom:0px\" id=\"wpv-column-f398154b5098130f2cb83946e68cc591\" >\t\t<h2 class=\"text-divider-double\">\t\t\tUSA Offices\t\t<\/h2>\t\t<div class=\"sep\"><\/div>\t<\/div><\/div>\n<div class=\"row\"><div class=\"wpv-grid grid-1-4  first unextended animation-fade-in animated-active\" style=\"padding-top:0px;padding-bottom:0px\" id=\"wpv-column-27e87c8e266e637c231c5d646a5008b2\" ><p style=\"text-align: center;\"><span class='icon shortcode theme  use-hover' style='font-size:32px !important;color:#bf9446;'>&#57547;<\/span>\n<p style=\"text-align: center;\"><strong>Washington DC<\/strong><br \/>\n1200 G Street, NW, STE 800,<br \/>\nWashington, DC 20005<\/div>\n<div class=\"wpv-grid grid-1-4  unextended animation-fade-in animated-active\" style=\"padding-top:0px;padding-bottom:0px\" id=\"wpv-column-070c538c77f3785748dfe291a1508f43\" ><p style=\"text-align: center;\"><span class='icon shortcode theme  use-hover' style='font-size:32px !important;color:#bf9446;'>&#57547;<\/span>\n<p style=\"text-align: center;\"><strong>Virginia<\/strong><br \/>\n13873 Park Center Road,<br \/>\nSuite 152, Herndon, VA 20171<\/div>\n<div class=\"wpv-grid grid-1-4  unextended animation-fade-in animated-active\" style=\"padding-top:0px;padding-bottom:0px\" id=\"wpv-column-73d50b32fc10bdc96e6ae648a5abcfa4\" ><p style=\"text-align: center;\"><span class='icon shortcode theme  use-hover' style='font-size:32px !important;color:#bf9446;'>&#57547;<\/span>\n<p style=\"text-align: center;\"><strong>New York<\/strong><br \/>\n14 Wall Street 20th Floor,<br \/>\nNew York, NY 10005<\/div>\n<div class=\"wpv-grid grid-1-4  unextended animation-fade-in animated-active\" style=\"padding-top:0px;padding-bottom:0px\" id=\"wpv-column-ff336a6203a90eb252826399c32abbf5\" ><p style=\"text-align: center;\"><span class='icon shortcode theme  use-hover' style='font-size:32px !important;color:#bf9446;'>&#57547;<\/span>\n<p style=\"text-align: center;\"><strong>California<\/strong><br \/>\n3419 Via Lido PMB 132<br \/>\nNewport Beach, CA 92663<\/div><\/div>\n<div class=\"row\"><div class=\"wpv-grid grid-1-1  first unextended\" style=\"padding-top:0px;padding-bottom:0px\" id=\"wpv-column-d7ee4ba72cc9a45b2a3f71b4a0e9494c\" ><\/div><\/div>\n<div class=\"row\"><div class=\"wpv-grid grid-1-1  first unextended\" style=\"padding-top:0px;padding-bottom:0px\" id=\"wpv-column-920d3daccb8dfbcd776a356a1853d8e5\" ><\/div><\/div>\n<div class=\"push\" style='margin-bottom:-40px'><\/div>\n<div class=\"sep-3\"><\/div>\n<div class=\"row\"><div class=\"wpv-grid grid-1-1  first unextended animation-zoom-in animated-active\" style=\"padding-top:0px;padding-bottom:0px\" id=\"wpv-column-53529e1a06466638db6989384f6de4f6\" ><div class=\"push\" style='margin-bottom:-10px'><\/div>\n<p style=\"text-align: center;\"><a href=\"http:\/\/www.facebook.com\/citillaw\"> <span class='icon shortcode   use-hover' style='font-size:16px !important;color:#D8D8D8;'>&#58155;<\/span><\/a> <a href=\"http:\/\/www.twitter.com\/citillaw\"><span class='icon shortcode   use-hover' style='font-size:16px !important;color:#D8D8D8;'>&#58159;<\/span><\/a> <a href=\"http:\/\/www.linkedin.com\/company\/citillaw\"><span class='icon shortcode   use-hover' style='font-size:16px !important;color:#D8D8D8;'>&#58209;<\/span><\/a> <a href=\"http:\/\/www.instagram.com\/citillaw\"><span class='icon shortcode   use-hover' style='font-size:16px !important;color:#D8D8D8;'>&#58158;<\/span><\/a> <a href=\"https:\/\/www.youtube.com\/channel\/UCnDUExMdk-zREsgxkg0GGTg?view_as=subscriber\"><span class='icon shortcode   use-hover' style='font-size:16px !important;color:#D8D8D8;'>&#58165;<\/span><\/a><div class=\"push\" style='height:20px'><\/div><\/div><\/div>\n<div class=\"row\"><div class=\"wpv-grid grid-1-1  first unextended\" style=\"padding-top:0px;padding-bottom:0px\" id=\"wpv-column-be4d59f32e22552a9a17dd2f0ecf7d79\" ><\/div><\/div>\n<div class=\"row\"><div class=\"wpv-grid grid-1-1  first has-background extended\" style=\"background-color:#f5f5f5;padding-top:60px;padding-bottom:30px\" id=\"wpv-column-3634e5c8f297d1374affe87ee37e188e\" ><div class=\"extended-column-inner\"><style>#wpv-column-3634e5c8f297d1374affe87ee37e188e p,#wpv-column-3634e5c8f297d1374affe87ee37e188e em,#wpv-column-3634e5c8f297d1374affe87ee37e188e .column-title,#wpv-column-3634e5c8f297d1374affe87ee37e188e .sep-text h2.regular-title-wrapper,#wpv-column-3634e5c8f297d1374affe87ee37e188e .text-divider-double,#wpv-column-3634e5c8f297d1374affe87ee37e188e .sep-text .sep-text-line,#wpv-column-3634e5c8f297d1374affe87ee37e188e .sep,#wpv-column-3634e5c8f297d1374affe87ee37e188e .sep-2,#wpv-column-3634e5c8f297d1374affe87ee37e188e .sep-3,#wpv-column-3634e5c8f297d1374affe87ee37e188e td,#wpv-column-3634e5c8f297d1374affe87ee37e188e th,#wpv-column-3634e5c8f297d1374affe87ee37e188e caption{color:#767676;}#wpv-column-3634e5c8f297d1374affe87ee37e188e:before{background-color:transparent;}<\/style>\t\t<div class=\"sep-text single centered\">\n\t\t\t\t\t\t\t<span class=\"sep-text-before\"><div class=\"sep-text-line\"><\/div><\/span>\n\t\t\t\t\t\t<div class=\"content\">\n\t\t\t\t<h2 class=\"text-divider-double\">\nAppointment Form<\/h2>\t\t\t<\/div>\n\t\t\t<span class=\"sep-text-after\"><div class=\"sep-text-line\"><\/div><\/span>\n\t\t\t\t\t<\/div>\n\t\n<div class=\"row\"><div class=\"wpv-grid grid-1-1  first unextended\" style=\"padding-top:0px;padding-bottom:0px\" id=\"wpv-column-5efab158d23d89e3f7f5df3b956628b0\" ><p style=\"text-align: center;\"><div class=\"push\" style='margin-bottom:-20px'><\/div>\n<p style=\"text-align: center;\">Please fill in the form below to make an appointment.<\/p>\n<p style=\"text-align: center;\"><div class=\"push\" style='height:20px'><\/div><\/div><\/div>\n<div class=\"row\"><div class=\"wpv-grid grid-1-1  first unextended animation-from-bottom animated-active\" style=\"padding-top:0px;padding-bottom:0px\" id=\"wpv-column-9e459485e4bc6453271695a5415b5475\" ><p>\n<div class=\"wpcf7 no-js\" id=\"wpcf7-f12488-o1\" lang=\"tr-TR\" dir=\"ltr\">\n<div class=\"screen-reader-response\"><p role=\"status\" aria-live=\"polite\" aria-atomic=\"true\"><\/p> <ul><\/ul><\/div>\n<form action=\"\/en\/wp-json\/wp\/v2\/pages\/31#wpcf7-f12488-o1\" method=\"post\" class=\"wpcf7-form init\" aria-label=\"Contact form\" novalidate=\"novalidate\" data-status=\"init\" data-trp-original-action=\"\/en\/wp-json\/wp\/v2\/pages\/31#wpcf7-f12488-o1\">\n<div style=\"display: none;\">\n<input type=\"hidden\" name=\"_wpcf7\" value=\"12488\" \/>\n<input type=\"hidden\" name=\"_wpcf7_version\" value=\"5.7.7\" \/>\n<input type=\"hidden\" name=\"_wpcf7_locale\" value=\"tr_TR\" \/>\n<input type=\"hidden\" name=\"_wpcf7_unit_tag\" value=\"wpcf7-f12488-o1\" \/>\n<input type=\"hidden\" name=\"_wpcf7_container_post\" value=\"0\" \/>\n<input type=\"hidden\" name=\"_wpcf7_posted_data_hash\" value=\"\" \/>\n<input type=\"hidden\" name=\"_wpcf7_recaptcha_response\" value=\"\" \/>\n<\/div>\n<div class=\"vamtam-rsvp-form\">\n\t<div class=\"row\">\n\t\t<div class=\"grid-1-3\">\n\t\t\t<p><label> <span class=\"wpcf7-form-control-wrap\" data-name=\"your-name\"><input size=\"40\" class=\"wpcf7-form-control wpcf7-text wpcf7-validates-as-required\" aria-required=\"true\" aria-invalid=\"false\" placeholder=\"Name Surname\" value=\"\" type=\"text\" name=\"your-name\" \/><\/span> <\/label>\n\t\t\t<\/p>\n\t\t<\/div>\n\t\t<div class=\"grid-1-3\">\n\t\t\t<p><label> <span class=\"wpcf7-form-control-wrap\" data-name=\"tel-110\"><input size=\"40\" class=\"wpcf7-form-control wpcf7-text wpcf7-tel wpcf7-validates-as-required wpcf7-validates-as-tel\" aria-required=\"true\" aria-invalid=\"false\" placeholder=\"Phone\" value=\"\" type=\"tel\" name=\"tel-110\" \/><\/span> <\/label>\n\t\t\t<\/p>\n\t\t<\/div>\n\t\t<div class=\"grid-1-3\">\n\t\t\t<p><label> <span class=\"wpcf7-form-control-wrap\" data-name=\"email-277\"><input size=\"40\" class=\"wpcf7-form-control wpcf7-text wpcf7-email wpcf7-validates-as-required wpcf7-validates-as-email\" aria-required=\"true\" aria-invalid=\"false\" placeholder=\"E-mail\" value=\"\" type=\"email\" name=\"email-277\" \/><\/span> <\/label>\n\t\t\t<\/p>\n\t\t<\/div>\n\t\t<div class=\"grid-1-3\">\n\t\t\t<p><label> <span class=\"wpcf7-form-control-wrap\" data-name=\"date-297\"><input class=\"wpcf7-form-control wpcf7-date wpcf7-validates-as-required wpcf7-validates-as-date walcf7-datepicker\" aria-required=\"true\" aria-invalid=\"false\" placeholder=\"Date\" value=\"\" type=\"date\" name=\"date-297\" \/><\/span> <\/label>\n\t\t\t<\/p>\n\t\t<\/div>\n\t\t<div class=\"grid-1-3\">\n\t\t\t<p><label> <span class=\"wpcf7-form-control-wrap\" data-name=\"date-368\"><input size=\"40\" class=\"wpcf7-form-control wpcf7-text wpcf7-validates-as-required walcf7-timepicker\" aria-required=\"true\" aria-invalid=\"false\" placeholder=\"Saat\" value=\"\" type=\"text\" name=\"date-368\" \/><\/span> <\/label>\n\t\t\t<\/p>\n\t\t<\/div>\n\t\t<div class=\"grid-1-3\">\n\t\t\t<p><label> <span class=\"wpcf7-form-control-wrap\" data-name=\"menu-159\"><select class=\"wpcf7-form-control wpcf7-select wpcf7-validates-as-required\" aria-required=\"true\" aria-invalid=\"false\" name=\"menu-159\"><option value=\"\">Choose Appointment Type \u25bc<\/option><option value=\"Telefon\">Telephone<\/option><option value=\"Zoom\">Zoom<\/option><option value=\"Ofis\">Office<\/option><\/select><\/span> <\/label>\n\t\t\t<\/p>\n\t\t<\/div>\n\t\t<div class=\"grid-1-1\">\n\t\t\t<p><label> <span class=\"wpcf7-form-control-wrap\" data-name=\"your-message\"><textarea cols=\"40\" rows=\"10\" class=\"wpcf7-form-control wpcf7-textarea\" aria-invalid=\"false\" placeholder=\"Mesaj (tercihe ba\u011fl\u0131)\" name=\"your-message\"><\/textarea><\/span> <\/label>\n\t\t\t<\/p>\n\t\t<\/div>\n\t<\/div>\n\t<div style= \"text-align: center;\">\n\t\t<p><input class=\"wpcf7-form-control has-spinner wpcf7-submit\" type=\"submit\" value=\"Make An Appointment\" \/>\n\t\t<\/p>\n\t<\/div>\n<\/div><input type='hidden' class='wpcf7-pum' value='{\"closepopup\":false,\"closedelay\":0,\"openpopup\":false,\"openpopup_id\":0}' \/><div class=\"wpcf7-response-output\" aria-hidden=\"true\"><\/div>\n<input type=\"hidden\" name=\"trp-form-language\" value=\"en\"\/><\/form>\n<\/div>\n<\/div><\/div><\/div><\/div><\/div>\n<div class=\"row\"><div class=\"wpv-grid grid-1-1  first unextended\" style=\"padding-top:0px;padding-bottom:0px\" id=\"wpv-column-88493f353320ff1a249a6c47226b879b\" ><\/div><\/div><\/div><\/div>","protected":false},"excerpt":{"rendered":"<p>L\u00fctfen bizimle ileti\u015fim kurmaktan \u00e7ekinmeyin. Trump Towers, Residence 2901, 34381, \u015ei\u015fli\/\u0130stanbul Navigasyon\u00a0\u2192 \u0130\u015e G\u00dcNLER\u0130: 09:00 \u2013 18:00 CUMARTES\u0130: KAPALI PAZAR: KAPALI Tel: +90 212 272 20 02 Whatsapp: +90 212 272 20 02 Washington DC 1200 G Street, NW, STE 800, Washington, DC 20005 Virginia 13873 Park Center Road, Suite 152, Herndon, VA 20171 New&#8230;<\/p>","protected":false},"author":1,"featured_media":0,"parent":0,"menu_order":3,"comment_status":"closed","ping_status":"closed","template":"","meta":[],"yoast_head":"<!-- This site is optimized with the Yoast SEO plugin v21.1 - https:\/\/yoast.com\/wordpress\/plugins\/seo\/ -->\n<title>\u0130leti\u015fim - \u00c7itil Avukatl\u0131k Ortakl\u0131\u011f\u0131<\/title>\n<meta name=\"robots\" content=\"index, follow, max-snippet:-1, max-image-preview:large, max-video-preview:-1\" \/>\n<link rel=\"canonical\" href=\"https:\/\/citil.av.tr\/en\/iletisim\/\" \/>\n<meta property=\"og:locale\" content=\"en_US\" \/>\n<meta property=\"og:type\" content=\"article\" \/>\n<meta property=\"og:title\" content=\"\u0130leti\u015fim - \u00c7itil Avukatl\u0131k Ortakl\u0131\u011f\u0131\" \/>\n<meta property=\"og:description\" content=\"L\u00fctfen bizimle ileti\u015fim kurmaktan \u00e7ekinmeyin. Trump Towers, Residence 2901, 34381, \u015ei\u015fli\/\u0130stanbul Navigasyon\u00a0\u2192 \u0130\u015e G\u00dcNLER\u0130: 09:00 \u2013 18:00 CUMARTES\u0130: KAPALI PAZAR: KAPALI Tel: +90 212 272 20 02 Whatsapp: +90 212 272 20 02 Washington DC 1200 G Street, NW, STE 800, Washington, DC 20005 Virginia 13873 Park Center Road, Suite 152, Herndon, VA 20171 New...\" \/>\n<meta property=\"og:url\" content=\"https:\/\/citil.av.tr\/en\/iletisim\/\" \/>\n<meta property=\"og:site_name\" content=\"\u00c7itil Avukatl\u0131k Ortakl\u0131\u011f\u0131\" \/>\n<meta property=\"article:publisher\" content=\"https:\/\/wwwfacebook.com\/citillaw\" \/>\n<meta property=\"article:modified_time\" content=\"2025-10-21T15:19:51+00:00\" \/>\n<meta property=\"og:image\" content=\"https:\/\/citil.av.tr\/wp-content\/uploads\/2020\/12\/Vergi-Hukuku.jpg\" \/>\n\t<meta property=\"og:image:width\" content=\"1920\" \/>\n\t<meta property=\"og:image:height\" content=\"1080\" \/>\n\t<meta property=\"og:image:type\" content=\"image\/jpeg\" \/>\n<meta name=\"twitter:card\" content=\"summary_large_image\" \/>\n<meta name=\"twitter:site\" content=\"@citillaw\" \/>\n<meta name=\"twitter:label1\" content=\"Est. reading time\" \/>\n\t<meta name=\"twitter:data1\" content=\"3 minutes\" \/>\n<script type=\"application\/ld+json\" class=\"yoast-schema-graph\">{\"@context\":\"https:\/\/schema.org\",\"@graph\":[{\"@type\":\"WebPage\",\"@id\":\"https:\/\/citil.av.tr\/iletisim\/\",\"url\":\"https:\/\/citil.av.tr\/iletisim\/\",\"name\":\"\u0130leti\u015fim - \u00c7itil Avukatl\u0131k Ortakl\u0131\u011f\u0131\",\"isPartOf\":{\"@id\":\"https:\/\/citil.av.tr\/en\/#website\"},\"datePublished\":\"2013-03-22T14:19:51+00:00\",\"dateModified\":\"2025-10-21T15:19:51+00:00\",\"breadcrumb\":{\"@id\":\"https:\/\/citil.av.tr\/iletisim\/#breadcrumb\"},\"inLanguage\":\"en-US\",\"potentialAction\":[{\"@type\":\"ReadAction\",\"target\":[\"https:\/\/citil.av.tr\/iletisim\/\"]}]},{\"@type\":\"BreadcrumbList\",\"@id\":\"https:\/\/citil.av.tr\/iletisim\/#breadcrumb\",\"itemListElement\":[{\"@type\":\"ListItem\",\"position\":1,\"name\":\"Anasayfa\",\"item\":\"https:\/\/citil.av.tr\/\"},{\"@type\":\"ListItem\",\"position\":2,\"name\":\"\u0130leti\u015fim\"}]},{\"@type\":\"WebSite\",\"@id\":\"https:\/\/citil.av.tr\/en\/#website\",\"url\":\"https:\/\/citil.av.tr\/en\/\",\"name\":\"\u00c7itil Avukatl\u0131k Ortakl\u0131\u011f\u0131\",\"description\":\"\u00c7itil Avukatl\u0131k Ortakl\u0131\u011f\u0131\",\"publisher\":{\"@id\":\"https:\/\/citil.av.tr\/en\/#organization\"},\"potentialAction\":[{\"@type\":\"SearchAction\",\"target\":{\"@type\":\"EntryPoint\",\"urlTemplate\":\"https:\/\/citil.av.tr\/en\/?s={search_term_string}\"},\"query-input\":\"required name=search_term_string\"}],\"inLanguage\":\"en-US\"},{\"@type\":\"Organization\",\"@id\":\"https:\/\/citil.av.tr\/en\/#organization\",\"name\":\"\u00c7itil Avukatl\u0131k Ortakl\u0131\u011f\u0131\",\"url\":\"https:\/\/citil.av.tr\/en\/\",\"logo\":{\"@type\":\"ImageObject\",\"inLanguage\":\"en-US\",\"@id\":\"https:\/\/citil.av.tr\/en\/#\/schema\/logo\/image\/\",\"url\":\"https:\/\/citil.av.tr\/wp-content\/uploads\/2020\/11\/citillaw.png\",\"contentUrl\":\"https:\/\/citil.av.tr\/wp-content\/uploads\/2020\/11\/citillaw.png\",\"width\":540,\"height\":118,\"caption\":\"\u00c7itil Avukatl\u0131k Ortakl\u0131\u011f\u0131\"},\"image\":{\"@id\":\"https:\/\/citil.av.tr\/en\/#\/schema\/logo\/image\/\"},\"sameAs\":[\"https:\/\/wwwfacebook.com\/citillaw\",\"https:\/\/twitter.com\/citillaw\",\"https:\/\/instagram.com\/citillaw\",\"https:\/\/www.linkedin.com\/company\/citillaw\/\",\"https:\/\/www.youtube.com\/channel\/UCnDUExMdk-zREsgxkg0GGTg\"]}]}<\/script>\n<!-- \/ Yoast SEO plugin. -->","yoast_head_json":{"title":"\u0130leti\u015fim - \u00c7itil Avukatl\u0131k Ortakl\u0131\u011f\u0131","robots":{"index":"index","follow":"follow","max-snippet":"max-snippet:-1","max-image-preview":"max-image-preview:large","max-video-preview":"max-video-preview:-1"},"canonical":"https:\/\/citil.av.tr\/en\/iletisim\/","og_locale":"en_US","og_type":"article","og_title":"\u0130leti\u015fim - \u00c7itil Avukatl\u0131k Ortakl\u0131\u011f\u0131","og_description":"L\u00fctfen bizimle ileti\u015fim kurmaktan \u00e7ekinmeyin. Trump Towers, Residence 2901, 34381, \u015ei\u015fli\/\u0130stanbul Navigasyon\u00a0\u2192 \u0130\u015e G\u00dcNLER\u0130: 09:00 \u2013 18:00 CUMARTES\u0130: KAPALI PAZAR: KAPALI Tel: +90 212 272 20 02 Whatsapp: +90 212 272 20 02 Washington DC 1200 G Street, NW, STE 800, Washington, DC 20005 Virginia 13873 Park Center Road, Suite 152, Herndon, VA 20171 New...","og_url":"https:\/\/citil.av.tr\/en\/iletisim\/","og_site_name":"\u00c7itil Avukatl\u0131k Ortakl\u0131\u011f\u0131","article_publisher":"https:\/\/wwwfacebook.com\/citillaw","article_modified_time":"2025-10-21T15:19:51+00:00","og_image":[{"width":1920,"height":1080,"url":"https:\/\/citil.av.tr\/wp-content\/uploads\/2020\/12\/Vergi-Hukuku.jpg","type":"image\/jpeg"}],"twitter_card":"summary_large_image","twitter_site":"@citillaw","twitter_misc":{"Est. reading time":"3 minutes"},"schema":{"@context":"https:\/\/schema.org","@graph":[{"@type":"WebPage","@id":"https:\/\/citil.av.tr\/iletisim\/","url":"https:\/\/citil.av.tr\/iletisim\/","name":"\u0130leti\u015fim - \u00c7itil Avukatl\u0131k Ortakl\u0131\u011f\u0131","isPartOf":{"@id":"https:\/\/citil.av.tr\/en\/#website"},"datePublished":"2013-03-22T14:19:51+00:00","dateModified":"2025-10-21T15:19:51+00:00","breadcrumb":{"@id":"https:\/\/citil.av.tr\/iletisim\/#breadcrumb"},"inLanguage":"en-US","potentialAction":[{"@type":"ReadAction","target":["https:\/\/citil.av.tr\/iletisim\/"]}]},{"@type":"BreadcrumbList","@id":"https:\/\/citil.av.tr\/iletisim\/#breadcrumb","itemListElement":[{"@type":"ListItem","position":1,"name":"Anasayfa","item":"https:\/\/citil.av.tr\/"},{"@type":"ListItem","position":2,"name":"\u0130leti\u015fim"}]},{"@type":"WebSite","@id":"https:\/\/citil.av.tr\/en\/#website","url":"https:\/\/citil.av.tr\/en\/","name":"Citil Attorney Partnership","description":"Citil Attorney Partnership","publisher":{"@id":"https:\/\/citil.av.tr\/en\/#organization"},"potentialAction":[{"@type":"SearchAction","target":{"@type":"EntryPoint","urlTemplate":"https:\/\/citil.av.tr\/en\/?s={search_term_string}"},"query-input":"required name=search_term_string"}],"inLanguage":"en-US"},{"@type":"Organization","@id":"https:\/\/citil.av.tr\/en\/#organization","name":"Citil Attorney Partnership","url":"https:\/\/citil.av.tr\/en\/","logo":{"@type":"ImageObject","inLanguage":"en-US","@id":"https:\/\/citil.av.tr\/en\/#\/schema\/logo\/image\/","url":"https:\/\/citil.av.tr\/wp-content\/uploads\/2020\/11\/citillaw.png","contentUrl":"https:\/\/citil.av.tr\/wp-content\/uploads\/2020\/11\/citillaw.png","width":540,"height":118,"caption":"\u00c7itil Avukatl\u0131k Ortakl\u0131\u011f\u0131"},"image":{"@id":"https:\/\/citil.av.tr\/en\/#\/schema\/logo\/image\/"},"sameAs":["https:\/\/wwwfacebook.com\/citillaw","https:\/\/twitter.com\/citillaw","https:\/\/instagram.com\/citillaw","https:\/\/www.linkedin.com\/company\/citillaw\/","https:\/\/www.youtube.com\/channel\/UCnDUExMdk-zREsgxkg0GGTg"]}]}},"post_mailing_queue_ids":[],"_links":{"self":[{"href":"https:\/\/citil.av.tr\/en\/wp-json\/wp\/v2\/pages\/31"}],"collection":[{"href":"https:\/\/citil.av.tr\/en\/wp-json\/wp\/v2\/pages"}],"about":[{"href":"https:\/\/citil.av.tr\/en\/wp-json\/wp\/v2\/types\/page"}],"author":[{"embeddable":true,"href":"https:\/\/citil.av.tr\/en\/wp-json\/wp\/v2\/users\/1"}],"replies":[{"embeddable":true,"href":"https:\/\/citil.av.tr\/en\/wp-json\/wp\/v2\/comments?post=31"}],"version-history":[{"count":50,"href":"https:\/\/citil.av.tr\/en\/wp-json\/wp\/v2\/pages\/31\/revisions"}],"predecessor-version":[{"id":14445,"href":"https:\/\/citil.av.tr\/en\/wp-json\/wp\/v2\/pages\/31\/revisions\/14445"}],"wp:attachment":[{"href":"https:\/\/citil.av.tr\/en\/wp-json\/wp\/v2\/media?parent=31"}],"curies":[{"name":"wp","href":"https:\/\/api.w.org\/{rel}","templated":true}]}}