{"id":7778,"date":"2014-04-23T10:38:38","date_gmt":"2014-04-23T10:38:38","guid":{"rendered":"http:\/\/lawyers-attorneys.vamtam.com\/?page_id=7778"},"modified":"2021-10-14T10:57:50","modified_gmt":"2021-10-14T10:57:50","slug":"hakkimizda","status":"publish","type":"page","link":"https:\/\/citil.av.tr\/en\/hakkimizda\/","title":{"rendered":"About Us"},"content":{"rendered":"<div class=\"row\"><div class=\"wpv-grid grid-1-1  wpv-first-level first unextended\" style=\"padding-top:0px;padding-bottom:0px\" id=\"about-content\" ><div class=\"row\"><div class=\"wpv-grid grid-1-1  first unextended\" style=\"padding-top:0px;padding-bottom:0px\" id=\"wpv-column-ba80e30906318cf9872b09ddbc9fda2b\" ><div class=\"push\" style='margin-bottom:-66px'><\/div><img decoding=\"async\" loading=\"lazy\" class=\"aligncenter size-full wp-image-9469\" src=\"http:\/\/lawyers-attorneys.vamtam.com\/wp-content\/uploads\/2014\/09\/photo-5.png\" alt=\"photo-5\" width=\"243\" height=\"131\" \/><br \/>\n<div class=\"push\" style='height:70px'><\/div><\/div><\/div>\n<div class=\"row\"><div class=\"wpv-grid grid-1-1  first unextended animation-from-bottom animated-active\" style=\"padding-top:0px;padding-bottom:0px\" id=\"wpv-column-5603132d3d2d44905075eaefd607de8a\" ><p>Temelleri 2010 y\u0131l\u0131nda Av. \u015eule Alag\u00f6z \u00c7\u0130T\u0130L ve Av. Ali \u00c7\u0130T\u0130L taraf\u0131ndan at\u0131lan \u00c7itil Avukatl\u0131k Ortakl\u0131\u011f\u0131, kuruldu\u011fu g\u00fcnden bu yana ulusal ve uluslararas\u0131 alanda faaliyet g\u00f6steren m\u00fcvekkillerine Avukatl\u0131k ve Dan\u0131\u015fmanl\u0131k hizmeti vermektedir.<\/p>\n<p>\u00c7itil Attorney Partnership has a staff of theorists, practitioners and academicians each of whom are experts in their fields. As working system, legal disputes experienced by its clients, conferred with theoretician and practitioner staff and determined a road map to solve. Partnership aspires to enlighten the clients about this road map, follows the road map to reach the result successfully and pursues to the end with care and precision.<\/p>\n<p>Everyone attending \u00c7itil Attorney Partnership is considered as a long-distance companion and every attorney attending is considered as a candidate attorney according to principle of merit.<\/p>\n<p>The relationship between lawyers is based on mutual respect and trust. Law school students and trainees determine the dynamic, future and goals of the partnership. Although \u00c7itil Attorney Partnership is registered in Istanbul Bar Association, it provides advocacy and counseling in all provinces of Turkey due to solution partnerships.<\/p>\n<p>\u00c7itil Attorney Partnership bearing in mind that independent and freelance qualification of attorneyship profession, provides expert and qualified services.<\/p>\n<p>At the same time, partnership attaches great importance to institutionalize and aims to be law firm provides advocacy and consultancy services in national and international fields.<\/p>\n<p>\u00c7itil Attorney Partnership is registered to \u0130stanbul Bar Association Attorney Partnership with 115 register number and TBB Attorney Partnership with 219 register number. According to 2016 TBB Attorney Partnership register records \u00c7itil Attorney Partnership is the one of 229 attorney partnerships.<\/div><\/div><\/div><\/div>\n<div class=\"push\" style='height:30px'><\/div>\n\t\t\t\t\t\n<h3 style=\"text-align: center;\"><span class=\"accent-8\">Real Estate<\/span><\/h3>\n<span class=\"accent-8\">Claritas est etiam processus dynamicus, qui sequitur mutationem consuetudium lectorum.<\/span>\t\t\t\t<div class=\"sep\"><\/div>\t\n<div class=\"push\" style='margin-bottom:-32px'><\/div>\n<div class=\"row\"><div class=\"wpv-grid grid-1-1  wpv-first-level first has-background extended\" style=\"background-color:#575756;padding-top:0px;padding-bottom:0px\" id=\"wpv-column-6eaf349680d7981cba67e4bd7b91a6fe\" ><div class=\"extended-column-inner\"><style>#wpv-column-6eaf349680d7981cba67e4bd7b91a6fe p,#wpv-column-6eaf349680d7981cba67e4bd7b91a6fe em,#wpv-column-6eaf349680d7981cba67e4bd7b91a6fe .column-title,#wpv-column-6eaf349680d7981cba67e4bd7b91a6fe .sep-text h2.regular-title-wrapper,#wpv-column-6eaf349680d7981cba67e4bd7b91a6fe .text-divider-double,#wpv-column-6eaf349680d7981cba67e4bd7b91a6fe .sep-text .sep-text-line,#wpv-column-6eaf349680d7981cba67e4bd7b91a6fe .sep,#wpv-column-6eaf349680d7981cba67e4bd7b91a6fe .sep-2,#wpv-column-6eaf349680d7981cba67e4bd7b91a6fe .sep-3,#wpv-column-6eaf349680d7981cba67e4bd7b91a6fe td,#wpv-column-6eaf349680d7981cba67e4bd7b91a6fe th,#wpv-column-6eaf349680d7981cba67e4bd7b91a6fe caption{color:#d6d6d6;}#wpv-column-6eaf349680d7981cba67e4bd7b91a6fe:before{background-color:transparent;}<\/style><div class=\"row\"><div class=\"wpv-grid grid-1-4  first unextended animation-from-bottom animated-active\" style=\"padding-top:0px;padding-bottom:0px\" id=\"wpv-column-b1c8f645a3eed756a9614817dba184f0\" >\n<div  data-href=\"#\" tabindex=\"1\" data-target=\"_self\" class=\"linkarea clearfix accent6  background-accent1\">\n\t\t\t<div class=\"first\"><span class='icon shortcode theme  use-hover' style='font-size:46px !important;color:#ffffff;'>&#57430;<\/span><\/div>\n\t\t\t\t<div class=\"last\"><h3 style=\"text-align: center;\"><span class=\"accent-8\">Corporate Law<\/span><\/h3>\n<p style=\"text-align: center;\"><span class=\"accent-8\">\u00c7itil Attorney Partnership provides advocacy and consultancy services to small, medium and large national and international companies.<\/span><\/div>\n\t<\/div><\/div>\n<div class=\"wpv-grid grid-1-4  unextended animation-fade-in animated-active\" style=\"padding-top:0px;padding-bottom:0px\" id=\"wpv-column-9a2d096b3f5e991480dee5e9e53d77a5\" >\n<div  data-href=\"#\" tabindex=\"1\" data-target=\"_self\" class=\"linkarea clearfix accent6  background-accent2\">\n\t\t\t<div class=\"first\"><span class='icon shortcode theme  use-hover' style='font-size:46px !important;color:#ffffff;'>&#57430;<\/span><\/div>\n\t\t\t\t<div class=\"last\"><h3 style=\"text-align: center;\"><span class=\"accent-8\">Criminal Law<\/span><\/h3>\n<p style=\"text-align: center;\"><span class=\"accent-8\">\u00c7itil Attorney Partnership provides advocacy and consultancy services to its clients during the investigation and prosecution stages with its expert academics and lawyers.<\/span><\/div>\n\t<\/div><\/div>\n<div class=\"wpv-grid grid-1-4  unextended animation-from-bottom animated-active\" style=\"padding-top:0px;padding-bottom:0px\" id=\"wpv-column-0c056c25f6448b9a1944f06ef735a4f9\" >\n<div  data-href=\"#\" tabindex=\"1\" data-target=\"_self\" class=\"linkarea clearfix accent2  background-accent1\">\n\t\t\t<div class=\"first\"><span class='icon shortcode theme  use-hover' style='font-size:46px !important;color:#ffffff;'>&#57430;<\/span><\/div>\n\t\t\t\t<div class=\"last\"><h3 style=\"text-align: center;\"><span class=\"accent-8\">Intellectual Property<\/span><\/h3>\n<p style=\"text-align: center;\"><span class=\"accent-8\">The intellectual work of individuals is considered to be an economic asset in the field of the law and it also acknowledges that individuals have moral interests in their work.<\/span><\/div>\n\t<\/div><\/div>\n<div class=\"wpv-grid grid-1-4  unextended animation-fade-in animated-active\" style=\"padding-top:0px;padding-bottom:0px\" id=\"wpv-column-c68df3c95a7b183fef3562e8f46c23bb\" >\n<div  data-href=\"#\" tabindex=\"1\" data-target=\"_self\" class=\"linkarea clearfix accent6  background-accent2\">\n\t\t\t<div class=\"first\"><span class='icon shortcode theme  use-hover' style='font-size:46px !important;color:#ffffff;'>&#57430;<\/span><\/div>\n\t\t\t\t<div class=\"last\"><h3 style=\"text-align: center;\"><span class=\"accent-8\">Health Law<\/span><\/h3>\n<p style=\"text-align: center;\"><span class=\"accent-8\">\u00c7itil Attorney Partnership provides advocacy and consultancy services to its clients about malpractice suits.<\/span><\/div>\n\t<\/div><\/div><\/div>\n<div class=\"row\"><div class=\"wpv-grid grid-1-4  first unextended animation-fade-in animated-active\" style=\"padding-top:0px;padding-bottom:0px\" id=\"wpv-column-5eeaaf772553604ce23810ffd2baefa3\" >\n<div  data-href=\"#\" tabindex=\"1\" data-target=\"_self\" class=\"linkarea clearfix accent6  background-accent2\">\n\t\t\t<div class=\"first\"><span class='icon shortcode theme  use-hover' style='font-size:46px !important;color:#ffffff;'>&#57430;<\/span><\/div>\n\t\t\t\t<div class=\"last\"><h3 style=\"text-align: center;\"><span class=\"accent-8\">Law of Foreigners<\/span><\/h3>\n<p style=\"text-align: center;\"><span class=\"accent-8\">\u00c7itil Attorney Partnership provides advocacy and consultancy services to its clients during Turkish citizenship applications and procedure of buying veichle or real estate. <\/span><\/div>\n\t<\/div><\/div>\n<div class=\"wpv-grid grid-1-4  unextended animation-from-left animated-active\" style=\"padding-top:0px;padding-bottom:0px\" id=\"wpv-column-289b482be0729354bbf16bd50752f88e\" >\n<div  data-href=\"#\" tabindex=\"1\" data-target=\"_self\" class=\"linkarea clearfix accent6  background-accent1\">\n\t\t\t<div class=\"first\"><span class='icon shortcode theme  use-hover' style='font-size:46px !important;color:#ffffff;'>&#57430;<\/span><\/div>\n\t\t\t\t<div class=\"last\"><h3 style=\"text-align: center;\"><span class=\"accent-8\">Tax<\/span><\/h3>\n<p style=\"text-align: center;\"><span class=\"accent-8\">\u00c7itil Attorney Partnership provides advocacy, consultancy and financial consultancy services to its clients and tax-payers.<\/span><\/div>\n\t<\/div><\/div>\n<div class=\"wpv-grid grid-1-4  unextended animation-fade-in animated-active\" style=\"padding-top:0px;padding-bottom:0px\" id=\"wpv-column-28db3cfc87a8cb67a4c73adfa9498517\" >\n<div  data-href=\"#\" tabindex=\"1\" data-target=\"_self\" class=\"linkarea clearfix accent6  background-accent2\">\n\t\t\t<div class=\"first\"><span class='icon shortcode theme  use-hover' style='font-size:46px !important;color:#ffffff;'>&#57430;<\/span><\/div>\n\t\t\t\t<div class=\"last\"><h3 style=\"text-align: center;\"><span class=\"accent-8\">Law of Domestic Relations<\/span><\/h3>\n<p style=\"text-align: center;\"><span class=\"accent-8\">Family which is foundation of society, is an institution regulated and protected by laws, especially the Constitution.<\/span><\/div>\n\t<\/div><\/div>\n<div class=\"wpv-grid grid-1-4  unextended animation-from-left animated-active\" style=\"padding-top:0px;padding-bottom:0px\" id=\"wpv-column-64fbadec53762dbeda7e423e23a7971c\" >\n<div  data-href=\"#\" tabindex=\"1\" data-target=\"_self\" class=\"linkarea clearfix accent6  background-accent1\">\n\t\t\t<div class=\"first\"><span class='icon shortcode theme  use-hover' style='font-size:46px !important;color:#ffffff;'>&#57430;<\/span><\/div>\n\t\t\t\t<div class=\"last\"><h3 style=\"text-align: center;\"><span class=\"accent-8\">Information Technology Law<\/span><\/h3>\n<p style=\"text-align: center;\"><span class=\"accent-8\">Information systems which are advancing rapidly with the developing technology, have brought a need for legal regulation.<\/span><\/div>\n\t<\/div><\/div><\/div><\/div><\/div><\/div>\n<div class=\"push\" style='height:80px'><\/div>\n<div class=\"row\"><div class=\"wpv-grid grid-1-2  wpv-first-level first unextended\" style=\"padding-top:0px;padding-bottom:0px\" id=\"wpv-column-aae7e71ce5ebf8d6c446e853c32227ed\" ><div class=\"row\"><div class=\"wpv-grid grid-1-1  first unextended\" style=\"padding-top:0px;padding-bottom:0px\" id=\"wpv-column-66a2b144cf0ae54ddd5c07825925e155\" ><p><iframe loading=\"lazy\" src=\"https:\/\/www.youtube.com\/embed\/-QRE2nYwZ3k\" width=\"560\" height=\"315\" frameborder=\"0\" allowfullscreen=\"allowfullscreen\"><\/iframe><\/p>\n<h3>Law does not accept what conscience rejects.<\/h3>\n<div class=\"push\" style='height:5px'><\/div>&#8211; Ali \u00c7itil<br \/>\n<div class=\"push\" style='height:25px'><\/div><\/div><\/div>\n<div class=\"row\"><div class=\"wpv-grid grid-1-1 add-border first unextended animation-from-bottom animated-active\" style=\"padding-top:0px;padding-bottom:0px\" id=\"wpv-column-dfbd85f8d89f2784a5b80da69d0b277c\" ><\/div><\/div><\/div>\n<div class=\"wpv-grid grid-1-2  wpv-first-level unextended\" style=\"padding-top:0px;padding-bottom:0px\" id=\"wpv-column-c7f7937177a8124a158dcdb265dd6541\" ><h3 style=\"padding-left: 10px;\"><span class=\"accent-1\">\u2013 2010,<\/span> Establishment<\/h3>\n<p style=\"padding-left: 30px; padding-right: 20px;\" class=\"translation-block\">\u00c7itil Attorney Partnership, which was established in 2010 by Attorney \u015eule Alag\u00f6z \u00c7\u0130T\u0130L and Lawyer Ali \u00c7\u0130T\u0130L, has been providing Advocacy and Consultancy services to its clients operating nationally and internationally since its establishment.<\/p>\n<div class=\"push\" style='height:20px'><\/div>\n<h3 style=\"padding-left: 10px;\"><span class=\"accent-1\">\u2013 2016,<\/span> Incorporation<\/h3>\n<p style=\"padding-left: 30px; padding-right: 20px;\">It was registered in the Attorney Partnership registry by the Istanbul Bar Association Board of Directors with the decision no 48\/36 on 3\/09\/2015. According to the Bar Association in 2015 and became one of about 250 records Advocacy Partnership in Turkey.<\/p>\n<div class=\"push\" style='height:20px'><\/div>\n<h3 style=\"padding-left: 10px;\"><span class=\"accent-1\">\u2013 2016,<\/span> We are in World<\/h3>\n<p style=\"padding-left: 30px; padding-right: 20px;\">\u00c7itil Attorney Partnership continues its activities in Istanbul since its establishment. In the world, we have partner offices in the USA, Germany, England, France, Hungary, Cyprus, United Arab Emirates, Kingdom of Saudi Arabia and Kuwait countries where we work \"as a business partnership\".<\/div><\/div>","protected":false},"excerpt":{"rendered":"<p>Temelleri 2010 y\u0131l\u0131nda Av. \u015eule Alag\u00f6z \u00c7\u0130T\u0130L ve Av. Ali \u00c7\u0130T\u0130L taraf\u0131ndan at\u0131lan \u00c7itil Avukatl\u0131k Ortakl\u0131\u011f\u0131, kuruldu\u011fu g\u00fcnden bu yana ulusal ve uluslararas\u0131 alanda faaliyet g\u00f6steren m\u00fcvekkillerine Avukatl\u0131k ve Dan\u0131\u015fmanl\u0131k hizmeti vermektedir. \u00c7itil Avukatl\u0131k Ortakl\u0131\u011f\u0131, her biri kendi alan\u0131nda uzman, teorisyen, pratisyen ve akademisyen avukat kadroya sahiptir. \u00c7al\u0131\u015fma sistemi olarak; m\u00fcvekkillerinin ya\u015fam\u0131\u015f oldu\u011fu hukuki anla\u015fmazl\u0131\u011f\u0131&#8230;<\/p>","protected":false},"author":1,"featured_media":11956,"parent":0,"menu_order":0,"comment_status":"closed","ping_status":"closed","template":"","meta":[],"yoast_head":"<!-- This site is optimized with the Yoast SEO plugin v21.1 - https:\/\/yoast.com\/wordpress\/plugins\/seo\/ -->\n<title>Hakk\u0131m\u0131zda - \u00c7itil Avukatl\u0131k Ortakl\u0131\u011f\u0131<\/title>\n<meta name=\"description\" content=\"\u00c7itil Avukatl\u0131k Ortakl\u0131\u011f\u0131, her biri kendi alan\u0131nda uzman, teorisyen, pratisyen ve akademisyen avukat kadroya sahiptir.\" \/>\n<meta name=\"robots\" content=\"index, follow, max-snippet:-1, max-image-preview:large, max-video-preview:-1\" \/>\n<link rel=\"canonical\" href=\"https:\/\/citil.av.tr\/en\/hakkimizda\/\" \/>\n<meta property=\"og:locale\" content=\"en_US\" \/>\n<meta property=\"og:type\" content=\"article\" \/>\n<meta property=\"og:title\" content=\"Hakk\u0131m\u0131zda - \u00c7itil Avukatl\u0131k Ortakl\u0131\u011f\u0131\" \/>\n<meta property=\"og:description\" content=\"\u00c7itil Avukatl\u0131k Ortakl\u0131\u011f\u0131, her biri kendi alan\u0131nda uzman, teorisyen, pratisyen ve akademisyen avukat kadroya sahiptir.\" \/>\n<meta property=\"og:url\" content=\"https:\/\/citil.av.tr\/en\/hakkimizda\/\" \/>\n<meta property=\"og:site_name\" content=\"\u00c7itil Avukatl\u0131k Ortakl\u0131\u011f\u0131\" \/>\n<meta property=\"article:publisher\" content=\"https:\/\/wwwfacebook.com\/citillaw\" \/>\n<meta property=\"article:modified_time\" content=\"2021-10-14T10:57:50+00:00\" \/>\n<meta property=\"og:image\" content=\"https:\/\/citil.av.tr\/wp-content\/uploads\/2020\/12\/trump-tower.jpg\" \/>\n\t<meta property=\"og:image:width\" content=\"1920\" \/>\n\t<meta property=\"og:image:height\" content=\"1080\" \/>\n\t<meta property=\"og:image:type\" content=\"image\/jpeg\" \/>\n<meta name=\"twitter:card\" content=\"summary_large_image\" \/>\n<meta name=\"twitter:site\" content=\"@citillaw\" \/>\n<meta name=\"twitter:label1\" content=\"Est. reading time\" \/>\n\t<meta name=\"twitter:data1\" content=\"4 minutes\" \/>\n<script type=\"application\/ld+json\" class=\"yoast-schema-graph\">{\"@context\":\"https:\/\/schema.org\",\"@graph\":[{\"@type\":\"WebPage\",\"@id\":\"https:\/\/citil.av.tr\/hakkimizda\/\",\"url\":\"https:\/\/citil.av.tr\/hakkimizda\/\",\"name\":\"Hakk\u0131m\u0131zda - \u00c7itil Avukatl\u0131k Ortakl\u0131\u011f\u0131\",\"isPartOf\":{\"@id\":\"https:\/\/citil.av.tr\/en\/#website\"},\"datePublished\":\"2014-04-23T10:38:38+00:00\",\"dateModified\":\"2021-10-14T10:57:50+00:00\",\"description\":\"\u00c7itil Avukatl\u0131k Ortakl\u0131\u011f\u0131, her biri kendi alan\u0131nda uzman, teorisyen, pratisyen ve akademisyen avukat kadroya sahiptir.\",\"breadcrumb\":{\"@id\":\"https:\/\/citil.av.tr\/hakkimizda\/#breadcrumb\"},\"inLanguage\":\"en-US\",\"potentialAction\":[{\"@type\":\"ReadAction\",\"target\":[\"https:\/\/citil.av.tr\/hakkimizda\/\"]}]},{\"@type\":\"BreadcrumbList\",\"@id\":\"https:\/\/citil.av.tr\/hakkimizda\/#breadcrumb\",\"itemListElement\":[{\"@type\":\"ListItem\",\"position\":1,\"name\":\"Anasayfa\",\"item\":\"https:\/\/citil.av.tr\/\"},{\"@type\":\"ListItem\",\"position\":2,\"name\":\"Hakk\u0131m\u0131zda\"}]},{\"@type\":\"WebSite\",\"@id\":\"https:\/\/citil.av.tr\/en\/#website\",\"url\":\"https:\/\/citil.av.tr\/en\/\",\"name\":\"\u00c7itil Avukatl\u0131k Ortakl\u0131\u011f\u0131\",\"description\":\"\u00c7itil Avukatl\u0131k Ortakl\u0131\u011f\u0131\",\"publisher\":{\"@id\":\"https:\/\/citil.av.tr\/en\/#organization\"},\"potentialAction\":[{\"@type\":\"SearchAction\",\"target\":{\"@type\":\"EntryPoint\",\"urlTemplate\":\"https:\/\/citil.av.tr\/en\/?s={search_term_string}\"},\"query-input\":\"required name=search_term_string\"}],\"inLanguage\":\"en-US\"},{\"@type\":\"Organization\",\"@id\":\"https:\/\/citil.av.tr\/en\/#organization\",\"name\":\"\u00c7itil Avukatl\u0131k Ortakl\u0131\u011f\u0131\",\"url\":\"https:\/\/citil.av.tr\/en\/\",\"logo\":{\"@type\":\"ImageObject\",\"inLanguage\":\"en-US\",\"@id\":\"https:\/\/citil.av.tr\/en\/#\/schema\/logo\/image\/\",\"url\":\"https:\/\/citil.av.tr\/wp-content\/uploads\/2020\/11\/citillaw.png\",\"contentUrl\":\"https:\/\/citil.av.tr\/wp-content\/uploads\/2020\/11\/citillaw.png\",\"width\":540,\"height\":118,\"caption\":\"\u00c7itil Avukatl\u0131k Ortakl\u0131\u011f\u0131\"},\"image\":{\"@id\":\"https:\/\/citil.av.tr\/en\/#\/schema\/logo\/image\/\"},\"sameAs\":[\"https:\/\/wwwfacebook.com\/citillaw\",\"https:\/\/twitter.com\/citillaw\",\"https:\/\/instagram.com\/citillaw\",\"https:\/\/www.linkedin.com\/company\/citillaw\/\",\"https:\/\/www.youtube.com\/channel\/UCnDUExMdk-zREsgxkg0GGTg\"]}]}<\/script>\n<!-- \/ Yoast SEO plugin. -->","yoast_head_json":{"title":"Hakk\u0131m\u0131zda - \u00c7itil Avukatl\u0131k Ortakl\u0131\u011f\u0131","description":"\u00c7itil Avukatl\u0131k Ortakl\u0131\u011f\u0131, her biri kendi alan\u0131nda uzman, teorisyen, pratisyen ve akademisyen avukat kadroya sahiptir.","robots":{"index":"index","follow":"follow","max-snippet":"max-snippet:-1","max-image-preview":"max-image-preview:large","max-video-preview":"max-video-preview:-1"},"canonical":"https:\/\/citil.av.tr\/en\/hakkimizda\/","og_locale":"en_US","og_type":"article","og_title":"Hakk\u0131m\u0131zda - \u00c7itil Avukatl\u0131k Ortakl\u0131\u011f\u0131","og_description":"\u00c7itil Avukatl\u0131k Ortakl\u0131\u011f\u0131, her biri kendi alan\u0131nda uzman, teorisyen, pratisyen ve akademisyen avukat kadroya sahiptir.","og_url":"https:\/\/citil.av.tr\/en\/hakkimizda\/","og_site_name":"\u00c7itil Avukatl\u0131k Ortakl\u0131\u011f\u0131","article_publisher":"https:\/\/wwwfacebook.com\/citillaw","article_modified_time":"2021-10-14T10:57:50+00:00","og_image":[{"width":1920,"height":1080,"url":"https:\/\/citil.av.tr\/wp-content\/uploads\/2020\/12\/trump-tower.jpg","type":"image\/jpeg"}],"twitter_card":"summary_large_image","twitter_site":"@citillaw","twitter_misc":{"Est. reading time":"4 minutes"},"schema":{"@context":"https:\/\/schema.org","@graph":[{"@type":"WebPage","@id":"https:\/\/citil.av.tr\/hakkimizda\/","url":"https:\/\/citil.av.tr\/hakkimizda\/","name":"Hakk\u0131m\u0131zda - \u00c7itil Avukatl\u0131k Ortakl\u0131\u011f\u0131","isPartOf":{"@id":"https:\/\/citil.av.tr\/en\/#website"},"datePublished":"2014-04-23T10:38:38+00:00","dateModified":"2021-10-14T10:57:50+00:00","description":"\u00c7itil Avukatl\u0131k Ortakl\u0131\u011f\u0131, her biri kendi alan\u0131nda uzman, teorisyen, pratisyen ve akademisyen avukat kadroya sahiptir.","breadcrumb":{"@id":"https:\/\/citil.av.tr\/hakkimizda\/#breadcrumb"},"inLanguage":"en-US","potentialAction":[{"@type":"ReadAction","target":["https:\/\/citil.av.tr\/hakkimizda\/"]}]},{"@type":"BreadcrumbList","@id":"https:\/\/citil.av.tr\/hakkimizda\/#breadcrumb","itemListElement":[{"@type":"ListItem","position":1,"name":"Anasayfa","item":"https:\/\/citil.av.tr\/"},{"@type":"ListItem","position":2,"name":"Hakk\u0131m\u0131zda"}]},{"@type":"WebSite","@id":"https:\/\/citil.av.tr\/en\/#website","url":"https:\/\/citil.av.tr\/en\/","name":"Citil Attorney Partnership","description":"Citil Attorney Partnership","publisher":{"@id":"https:\/\/citil.av.tr\/en\/#organization"},"potentialAction":[{"@type":"SearchAction","target":{"@type":"EntryPoint","urlTemplate":"https:\/\/citil.av.tr\/en\/?s={search_term_string}"},"query-input":"required name=search_term_string"}],"inLanguage":"en-US"},{"@type":"Organization","@id":"https:\/\/citil.av.tr\/en\/#organization","name":"Citil Attorney Partnership","url":"https:\/\/citil.av.tr\/en\/","logo":{"@type":"ImageObject","inLanguage":"en-US","@id":"https:\/\/citil.av.tr\/en\/#\/schema\/logo\/image\/","url":"https:\/\/citil.av.tr\/wp-content\/uploads\/2020\/11\/citillaw.png","contentUrl":"https:\/\/citil.av.tr\/wp-content\/uploads\/2020\/11\/citillaw.png","width":540,"height":118,"caption":"\u00c7itil Avukatl\u0131k Ortakl\u0131\u011f\u0131"},"image":{"@id":"https:\/\/citil.av.tr\/en\/#\/schema\/logo\/image\/"},"sameAs":["https:\/\/wwwfacebook.com\/citillaw","https:\/\/twitter.com\/citillaw","https:\/\/instagram.com\/citillaw","https:\/\/www.linkedin.com\/company\/citillaw\/","https:\/\/www.youtube.com\/channel\/UCnDUExMdk-zREsgxkg0GGTg"]}]}},"post_mailing_queue_ids":[],"_links":{"self":[{"href":"https:\/\/citil.av.tr\/en\/wp-json\/wp\/v2\/pages\/7778"}],"collection":[{"href":"https:\/\/citil.av.tr\/en\/wp-json\/wp\/v2\/pages"}],"about":[{"href":"https:\/\/citil.av.tr\/en\/wp-json\/wp\/v2\/types\/page"}],"author":[{"embeddable":true,"href":"https:\/\/citil.av.tr\/en\/wp-json\/wp\/v2\/users\/1"}],"replies":[{"embeddable":true,"href":"https:\/\/citil.av.tr\/en\/wp-json\/wp\/v2\/comments?post=7778"}],"version-history":[{"count":7,"href":"https:\/\/citil.av.tr\/en\/wp-json\/wp\/v2\/pages\/7778\/revisions"}],"predecessor-version":[{"id":12641,"href":"https:\/\/citil.av.tr\/en\/wp-json\/wp\/v2\/pages\/7778\/revisions\/12641"}],"wp:featuredmedia":[{"embeddable":true,"href":"https:\/\/citil.av.tr\/en\/wp-json\/wp\/v2\/media\/11956"}],"wp:attachment":[{"href":"https:\/\/citil.av.tr\/en\/wp-json\/wp\/v2\/media?parent=7778"}],"curies":[{"name":"wp","href":"https:\/\/api.w.org\/{rel}","templated":true}]}}