{"id":7956,"date":"2014-07-04T10:06:07","date_gmt":"2014-07-04T10:06:07","guid":{"rendered":"http:\/\/lawyers-attorneys.vamtam.com\/?page_id=7956"},"modified":"2022-12-09T12:57:34","modified_gmt":"2022-12-09T09:57:34","slug":"calisma-alanlari","status":"publish","type":"page","link":"https:\/\/citil.av.tr\/en\/calisma-alanlari\/","title":{"rendered":"Practise Areas"},"content":{"rendered":"<div class=\"push\" style='height:50px'><\/div>\n<div class=\"row\"><div class=\"wpv-grid grid-1-3  wpv-first-level first unextended\" style=\"padding-top:65px;padding-bottom:0px\" id=\"wpv-column-9192017aba6e20148d440f3a1add88ec\" ><div class=\"row\"><div class=\"wpv-grid grid-1-1  first unextended\" style=\"padding-top:0px;padding-bottom:0px\" id=\"wpv-column-72fcedf108ee2ba146b93a0f6f6ceb03\" >\n<div  data-target=\"_self\" class=\"linkarea clearfix   background-transparent\">\n\t\t\t<div class=\"first\"><span class='icon shortcode theme  use-hover' style='font-size:56px !important;color:#bf9446;'>&#57430;<\/span><\/div>\n\t\t\t\t<div class=\"last\"><h3 style=\"text-align: center;\">ADVOCACY<\/h3>\n<div class=\"push\" style='margin-bottom:-20px'><\/div>\n<div class=\"sep-2\"><\/div>\n<ul>\n<li><a href=\"https:\/\/citil.av.tr\/en\/sirketler-hukuku\/\"><span class=\"vamtam-font-style-2\"> Corporate Law<\/span><\/a><\/li>\n<li><a href=\"https:\/\/citil.av.tr\/en\/ceza-hukuku\/\"><span class=\"vamtam-font-style-2\"> Criminal Law<\/span><\/a><\/li>\n<li><a href=\"https:\/\/citil.av.tr\/en\/fikri-mulkiyet-hukuku\/\"><span class=\"vamtam-font-style-2\"> Intellectual Property<\/span><\/a><\/li>\n<li><a href=\"https:\/\/citil.av.tr\/en\/saglik-hukuku\/\"><span class=\"vamtam-font-style-2\"> Health Law<\/span><\/a><\/li>\n<li><a href=\"https:\/\/citil.av.tr\/en\/yabancilar-hukuku\/\"><span class=\"vamtam-font-style-2\"> Law of Foreigners<\/span><\/a><\/li>\n<li><a href=\"https:\/\/citil.av.tr\/en\/vergi-hukuku\/\"><span class=\"vamtam-font-style-2\"> Tax<\/span><\/a><\/li>\n<li><a href=\"https:\/\/citil.av.tr\/en\/aile-hukuku\/\"><span class=\"vamtam-font-style-2\"> Law of Domestic Relations<\/span><\/a><\/li>\n<\/ul>\n<div class=\"push\" style='height:30px'><\/div><\/div>\n\t<\/div><\/div><\/div><\/div>\n<div class=\"wpv-grid grid-1-3 add-border wpv-first-level unextended\" style=\"padding-top:0px;padding-bottom:0px\" id=\"wpv-column-6ec22489084fdfcd0a578acad575c268\" ><div class=\"row\"><div class=\"wpv-grid grid-1-1  first unextended\" style=\"padding-top:0px;padding-bottom:0px\" id=\"wpv-column-07415f91575136346ebb95d42600f9c1\" >\n<div  data-target=\"_self\" class=\"linkarea clearfix   background-transparent\">\n\t\t\t<div class=\"first\"><span class='icon shortcode theme  use-hover' style='font-size:56px !important;color:#bf9446;'>&#57430;<\/span><\/div>\n\t\t\t\t<div class=\"last\"><h3 style=\"text-align: center;\">CONSULTANCY<\/h3>\n<div class=\"push\" style='margin-bottom:-20px'><\/div>\n<div class=\"sep-2\"><\/div>\n<ul>\n<li><a href=\"https:\/\/citil.av.tr\/en\/bilisim-hukuku\/\"><span class=\"vamtam-font-style-2\"> Information Technology Law<\/span><\/a><\/li>\n<li><a href=\"https:\/\/citil.av.tr\/en\/esya-hukuku\/\"><span class=\"vamtam-font-style-2\"> Law of Property<\/span><\/a><\/li>\n<li><a href=\"https:\/\/citil.av.tr\/en\/gayrimenkul-hukuku\/\"><span class=\"vamtam-font-style-2\"> Real Estate<\/span><\/a><\/li>\n<li><a href=\"https:\/\/citil.av.tr\/en\/idare-hukuku\/\"><span class=\"vamtam-font-style-2\"> Administrative Law<\/span><\/a><\/li>\n<li><a href=\"https:\/\/citil.av.tr\/en\/is-hukuku\/\"><span class=\"vamtam-font-style-2\"> Labor Law<\/span><\/a><\/li>\n<li><a href=\"https:\/\/citil.av.tr\/en\/sozlesmeler-hukuku\/\"><span class=\"vamtam-font-style-2\"> Law of Contracts<\/span><\/a><\/li>\n<li><a href=\"https:\/\/citil.av.tr\/en\/rekabet-hukuku\/\"><span class=\"vamtam-font-style-2\"> Competition Law<\/span><\/a><\/li>\n<li><a href=\"https:\/\/citil.av.tr\/en\/sigorta-hukuku\/\"><span class=\"vamtam-font-style-2\"> Insurance Law<\/span><\/a><\/li>\n<li><a href=\"https:\/\/citil.av.tr\/en\/spor-hukuku\/\"><span class=\"vamtam-font-style-2\"> Sports<\/span><\/a><\/li>\n<li><a href=\"https:\/\/citil.av.tr\/en\/moda-hukuku\/\"><span class=\"vamtam-font-style-2\"> Fashion Law<\/span><\/a><\/li>\n<li><a href=\"https:\/\/citil.av.tr\/en\/marka-ve-patent-hukuku\/\"><span class=\"vamtam-font-style-2\"> Marke ve Patent Hukuku<\/span><\/a><\/li>\n<li><a href=\"https:\/\/citil.av.tr\/en\/sosyal-medya-hukuku\/\"><span class=\"vamtam-font-style-2\"> Social Media Law<\/span><\/a><\/li>\n<li><a href=\"https:\/\/citil.av.tr\/en\/oyun-hukuku\/\"><span class=\"vamtam-font-style-2\"> Game Law<\/span><\/a><\/li>\n<li><a href=\"https:\/\/citil.av.tr\/en\/imar-hukuku-ve-kentsel-donusum\/\"><span class=\"vamtam-font-style-2\"> Construction Zoning Law and Urban Transformation<\/span><\/a><\/li>\n<li><a href=\"https:\/\/citil.av.tr\/en\/yurt-disinda-offshore-ve-onshore-sirket-kurulusu\/\"><span class=\"vamtam-font-style-2\"> Abroad Onshore and Offshore Company Installation<\/span><\/a><\/li>\n<li><a href=\"https:\/\/citil.av.tr\/en\/12010-2\/\"><span class=\"vamtam-font-style-2\">Data Protection and Privacy Consultancy<\/span><\/a><\/li>\n<\/ul>\n<div class=\"push\" style='height:30px'><\/div><\/div>\n\t<\/div><\/div><\/div><\/div>\n<div class=\"wpv-grid grid-1-3  wpv-first-level unextended\" style=\"padding-top:65px;padding-bottom:0px\" id=\"wpv-column-1b933989f72a7ba77256dc92f43c81db\" ><div class=\"row\"><div class=\"wpv-grid grid-1-1  first unextended\" style=\"padding-top:0px;padding-bottom:0px\" id=\"wpv-column-df618100c34e6962b13a25ff2a27b729\" >\n<div  data-target=\"_self\" class=\"linkarea clearfix   background-transparent\">\n\t\t\t<div class=\"first\"><span class='icon shortcode theme  use-hover' style='font-size:56px !important;color:#bf9446;'>&#57430;<\/span><\/div>\n\t\t\t\t<div class=\"last\"><h3 style=\"text-align: center;\">ARABULUCULUK<\/h3>\n<div class=\"push\" style='margin-bottom:-20px'><\/div>\n<div class=\"sep-2\"><\/div>\n<ul>\n<li><a href=\"#\"><span class=\"vamtam-font-style-2\"> Labour law<\/span><\/a><\/li>\n<li><a href=\"#\"><span class=\"vamtam-font-style-2\"> Copyright related compensations and claims<\/span><\/a><\/li>\n<li><a href=\"#\"><span class=\"vamtam-font-style-2\"> Material \u2013 Immaterial Compensations<\/span><\/a><\/li>\n<li><a href=\"#\"><span class=\"vamtam-font-style-2\"> Debt-credit relationship<\/span><\/a><\/li>\n<li><a href=\"#\"><span class=\"vamtam-font-style-2\"> Matrimonial regime<\/span><\/a><\/li>\n<li><a href=\"#\"><span class=\"vamtam-font-style-2\"> Alimony<\/span><\/a><\/li>\n<li><a href=\"#\"><span class=\"vamtam-font-style-2\"> Rental claims<\/span><\/a><\/li>\n<li><a href=\"#\"><span class=\"vamtam-font-style-2\"> Indemnification<\/span><\/a><\/li>\n<li><a href=\"#\"><span class=\"vamtam-font-style-2\"> Construction agreement in return for land share related disputes<\/span><\/a><\/li>\n<li><a href=\"#\"><span class=\"vamtam-font-style-2\"> Share transfer<\/span><\/a><\/li>\n<li><a href=\"#\"><span class=\"vamtam-font-style-2\"> Contract disputes<\/span><\/a><\/li>\n<li><a href=\"#\"><span class=\"vamtam-font-style-2\"> Portion of the inheritance<\/span><\/a><\/li>\n<li><a href=\"#\"><span class=\"vamtam-font-style-2\"> Elimination of joint ownership<\/span><\/a><\/li>\n<li><a href=\"#\"><span class=\"vamtam-font-style-2\"> Evacuation<\/span><\/a><\/li>\n<li><a href=\"#\"><span class=\"vamtam-font-style-2\"> Land registry and cancellation<\/span><\/a><\/li>\n<li><a href=\"#\"><span class=\"vamtam-font-style-2\"> Execution of Pre-emption<\/span><\/a><\/li>\n<li><a href=\"#\"><span class=\"vamtam-font-style-2\"> Division of real estate<\/span><\/a><\/li>\n<li><a href=\"#\"><span class=\"vamtam-font-style-2\"> Flat ownership disputes<\/span><\/a><\/li>\n<li><a href=\"#\"><span class=\"vamtam-font-style-2\"> Assignment of Immovables<\/span><\/a><\/li>\n<li><a href=\"#\"><span class=\"vamtam-font-style-2\"> Withdrawal from commercial partnership<\/span><\/a><\/li>\n<li><a href=\"#\"><span class=\"vamtam-font-style-2\"> Disputes contain foreign element<\/span><\/a><\/li>\n<li><a href=\"#\"><span class=\"vamtam-font-style-2\"> Execution<\/span><\/a><\/li>\n<li><a href=\"#\"><span class=\"vamtam-font-style-2\"> Assignment of Movables<\/span><\/a><\/li>\n<li><a href=\"#\"><span class=\"vamtam-font-style-2\"> Consumer Disputes<\/span><\/a><\/li>\n<li><a href=\"#\"><span class=\"vamtam-font-style-2\"> Break off the engagement<\/span><\/a><\/li>\n<li><a href=\"#\"><span class=\"vamtam-font-style-2\"> Adequate pay<span class=\"Apple-converted-space\">\u00a0<\/span><\/span><\/a><\/li>\n<li><a href=\"#\"><span class=\"vamtam-font-style-2\"> Avoidance of unfair act<span class=\"Apple-converted-space\">\u00a0<\/span><\/span><\/a><\/li>\n<li><a href=\"#\"><span class=\"vamtam-font-style-2\"> Material \u2013 Immaterial Compensations<\/span><\/a><\/li>\n<li><a href=\"#\"><span class=\"vamtam-font-style-2\"> Merger invoice<\/span><\/a><\/li>\n<li><a href=\"#\"><span class=\"vamtam-font-style-2\"> Retail of immovable<\/span><\/a><\/li>\n<li><a href=\"#\"><span class=\"vamtam-font-style-2\"> Removal of consemption disputes<\/span><\/a><\/li>\n<li><a href=\"#\"><span class=\"vamtam-font-style-2\"> Kamu d\u00fczenini ilgilendirmeyen ve cebri icraya elveri\u015fli konularda<\/span><\/a><\/li>\n<\/ul>\n<div class=\"push\" style='height:30px'><\/div><\/div>\n\t<\/div><\/div><\/div><\/div><\/div>","protected":false},"excerpt":{"rendered":"","protected":false},"author":1,"featured_media":0,"parent":0,"menu_order":0,"comment_status":"closed","ping_status":"open","template":"","meta":[],"yoast_head":"<!-- This site is optimized with the Yoast SEO plugin v21.1 - https:\/\/yoast.com\/wordpress\/plugins\/seo\/ -->\n<title>\u00c7al\u0131\u015fma Alanlar\u0131 - \u00c7itil Avukatl\u0131k Ortakl\u0131\u011f\u0131<\/title>\n<meta name=\"description\" content=\"\u015eirketler, ceza, fikri m\u00fclkiyet, sa\u011fl\u0131k, yabanc\u0131lar, vergi, aile, bili\u015fim, e\u015fya, gayrimenkul, , i\u015f hukuku gibi alanlarda hizmet vermekteyiz.\" \/>\n<meta name=\"robots\" content=\"index, follow, max-snippet:-1, max-image-preview:large, max-video-preview:-1\" \/>\n<link rel=\"canonical\" href=\"https:\/\/citil.av.tr\/en\/calisma-alanlari\/\" \/>\n<meta property=\"og:locale\" content=\"en_US\" \/>\n<meta property=\"og:type\" content=\"article\" \/>\n<meta property=\"og:title\" content=\"\u00c7al\u0131\u015fma Alanlar\u0131 - \u00c7itil Avukatl\u0131k Ortakl\u0131\u011f\u0131\" \/>\n<meta property=\"og:description\" content=\"\u015eirketler, ceza, fikri m\u00fclkiyet, sa\u011fl\u0131k, yabanc\u0131lar, vergi, aile, bili\u015fim, e\u015fya, gayrimenkul, , i\u015f hukuku gibi alanlarda hizmet vermekteyiz.\" \/>\n<meta property=\"og:url\" content=\"https:\/\/citil.av.tr\/en\/calisma-alanlari\/\" \/>\n<meta property=\"og:site_name\" content=\"\u00c7itil Avukatl\u0131k Ortakl\u0131\u011f\u0131\" \/>\n<meta property=\"article:publisher\" content=\"https:\/\/wwwfacebook.com\/citillaw\" \/>\n<meta property=\"article:modified_time\" content=\"2022-12-09T09:57:34+00:00\" \/>\n<meta property=\"og:image\" content=\"https:\/\/citil.av.tr\/wp-content\/uploads\/2020\/12\/Vergi-Hukuku.jpg\" \/>\n\t<meta property=\"og:image:width\" content=\"1920\" \/>\n\t<meta property=\"og:image:height\" content=\"1080\" \/>\n\t<meta property=\"og:image:type\" content=\"image\/jpeg\" \/>\n<meta name=\"twitter:card\" content=\"summary_large_image\" \/>\n<meta name=\"twitter:site\" content=\"@citillaw\" \/>\n<meta name=\"twitter:label1\" content=\"Est. reading time\" \/>\n\t<meta name=\"twitter:data1\" content=\"2 minutes\" \/>\n<script type=\"application\/ld+json\" class=\"yoast-schema-graph\">{\"@context\":\"https:\/\/schema.org\",\"@graph\":[{\"@type\":\"WebPage\",\"@id\":\"https:\/\/citil.av.tr\/calisma-alanlari\/\",\"url\":\"https:\/\/citil.av.tr\/calisma-alanlari\/\",\"name\":\"\u00c7al\u0131\u015fma Alanlar\u0131 - \u00c7itil Avukatl\u0131k Ortakl\u0131\u011f\u0131\",\"isPartOf\":{\"@id\":\"https:\/\/citil.av.tr\/en\/#website\"},\"datePublished\":\"2014-07-04T10:06:07+00:00\",\"dateModified\":\"2022-12-09T09:57:34+00:00\",\"description\":\"\u015eirketler, ceza, fikri m\u00fclkiyet, sa\u011fl\u0131k, yabanc\u0131lar, vergi, aile, bili\u015fim, e\u015fya, gayrimenkul, , i\u015f hukuku gibi alanlarda hizmet vermekteyiz.\",\"breadcrumb\":{\"@id\":\"https:\/\/citil.av.tr\/calisma-alanlari\/#breadcrumb\"},\"inLanguage\":\"en-US\",\"potentialAction\":[{\"@type\":\"ReadAction\",\"target\":[\"https:\/\/citil.av.tr\/calisma-alanlari\/\"]}]},{\"@type\":\"BreadcrumbList\",\"@id\":\"https:\/\/citil.av.tr\/calisma-alanlari\/#breadcrumb\",\"itemListElement\":[{\"@type\":\"ListItem\",\"position\":1,\"name\":\"Anasayfa\",\"item\":\"https:\/\/citil.av.tr\/\"},{\"@type\":\"ListItem\",\"position\":2,\"name\":\"\u00c7al\u0131\u015fma Alanlar\u0131\"}]},{\"@type\":\"WebSite\",\"@id\":\"https:\/\/citil.av.tr\/en\/#website\",\"url\":\"https:\/\/citil.av.tr\/en\/\",\"name\":\"\u00c7itil Avukatl\u0131k Ortakl\u0131\u011f\u0131\",\"description\":\"\u00c7itil Avukatl\u0131k Ortakl\u0131\u011f\u0131\",\"publisher\":{\"@id\":\"https:\/\/citil.av.tr\/en\/#organization\"},\"potentialAction\":[{\"@type\":\"SearchAction\",\"target\":{\"@type\":\"EntryPoint\",\"urlTemplate\":\"https:\/\/citil.av.tr\/en\/?s={search_term_string}\"},\"query-input\":\"required name=search_term_string\"}],\"inLanguage\":\"en-US\"},{\"@type\":\"Organization\",\"@id\":\"https:\/\/citil.av.tr\/en\/#organization\",\"name\":\"\u00c7itil Avukatl\u0131k Ortakl\u0131\u011f\u0131\",\"url\":\"https:\/\/citil.av.tr\/en\/\",\"logo\":{\"@type\":\"ImageObject\",\"inLanguage\":\"en-US\",\"@id\":\"https:\/\/citil.av.tr\/en\/#\/schema\/logo\/image\/\",\"url\":\"https:\/\/citil.av.tr\/wp-content\/uploads\/2020\/11\/citillaw.png\",\"contentUrl\":\"https:\/\/citil.av.tr\/wp-content\/uploads\/2020\/11\/citillaw.png\",\"width\":540,\"height\":118,\"caption\":\"\u00c7itil Avukatl\u0131k Ortakl\u0131\u011f\u0131\"},\"image\":{\"@id\":\"https:\/\/citil.av.tr\/en\/#\/schema\/logo\/image\/\"},\"sameAs\":[\"https:\/\/wwwfacebook.com\/citillaw\",\"https:\/\/twitter.com\/citillaw\",\"https:\/\/instagram.com\/citillaw\",\"https:\/\/www.linkedin.com\/company\/citillaw\/\",\"https:\/\/www.youtube.com\/channel\/UCnDUExMdk-zREsgxkg0GGTg\"]}]}<\/script>\n<!-- \/ Yoast SEO plugin. -->","yoast_head_json":{"title":"\u00c7al\u0131\u015fma Alanlar\u0131 - \u00c7itil Avukatl\u0131k Ortakl\u0131\u011f\u0131","description":"\u015eirketler, ceza, fikri m\u00fclkiyet, sa\u011fl\u0131k, yabanc\u0131lar, vergi, aile, bili\u015fim, e\u015fya, gayrimenkul, , i\u015f hukuku gibi alanlarda hizmet vermekteyiz.","robots":{"index":"index","follow":"follow","max-snippet":"max-snippet:-1","max-image-preview":"max-image-preview:large","max-video-preview":"max-video-preview:-1"},"canonical":"https:\/\/citil.av.tr\/en\/calisma-alanlari\/","og_locale":"en_US","og_type":"article","og_title":"\u00c7al\u0131\u015fma Alanlar\u0131 - \u00c7itil Avukatl\u0131k Ortakl\u0131\u011f\u0131","og_description":"\u015eirketler, ceza, fikri m\u00fclkiyet, sa\u011fl\u0131k, yabanc\u0131lar, vergi, aile, bili\u015fim, e\u015fya, gayrimenkul, , i\u015f hukuku gibi alanlarda hizmet vermekteyiz.","og_url":"https:\/\/citil.av.tr\/en\/calisma-alanlari\/","og_site_name":"\u00c7itil Avukatl\u0131k Ortakl\u0131\u011f\u0131","article_publisher":"https:\/\/wwwfacebook.com\/citillaw","article_modified_time":"2022-12-09T09:57:34+00:00","og_image":[{"width":1920,"height":1080,"url":"https:\/\/citil.av.tr\/wp-content\/uploads\/2020\/12\/Vergi-Hukuku.jpg","type":"image\/jpeg"}],"twitter_card":"summary_large_image","twitter_site":"@citillaw","twitter_misc":{"Est. reading time":"2 minutes"},"schema":{"@context":"https:\/\/schema.org","@graph":[{"@type":"WebPage","@id":"https:\/\/citil.av.tr\/calisma-alanlari\/","url":"https:\/\/citil.av.tr\/calisma-alanlari\/","name":"\u00c7al\u0131\u015fma Alanlar\u0131 - \u00c7itil Avukatl\u0131k Ortakl\u0131\u011f\u0131","isPartOf":{"@id":"https:\/\/citil.av.tr\/en\/#website"},"datePublished":"2014-07-04T10:06:07+00:00","dateModified":"2022-12-09T09:57:34+00:00","description":"\u015eirketler, ceza, fikri m\u00fclkiyet, sa\u011fl\u0131k, yabanc\u0131lar, vergi, aile, bili\u015fim, e\u015fya, gayrimenkul, , i\u015f hukuku gibi alanlarda hizmet vermekteyiz.","breadcrumb":{"@id":"https:\/\/citil.av.tr\/calisma-alanlari\/#breadcrumb"},"inLanguage":"en-US","potentialAction":[{"@type":"ReadAction","target":["https:\/\/citil.av.tr\/calisma-alanlari\/"]}]},{"@type":"BreadcrumbList","@id":"https:\/\/citil.av.tr\/calisma-alanlari\/#breadcrumb","itemListElement":[{"@type":"ListItem","position":1,"name":"Anasayfa","item":"https:\/\/citil.av.tr\/"},{"@type":"ListItem","position":2,"name":"\u00c7al\u0131\u015fma Alanlar\u0131"}]},{"@type":"WebSite","@id":"https:\/\/citil.av.tr\/en\/#website","url":"https:\/\/citil.av.tr\/en\/","name":"Citil Attorney Partnership","description":"Citil Attorney Partnership","publisher":{"@id":"https:\/\/citil.av.tr\/en\/#organization"},"potentialAction":[{"@type":"SearchAction","target":{"@type":"EntryPoint","urlTemplate":"https:\/\/citil.av.tr\/en\/?s={search_term_string}"},"query-input":"required name=search_term_string"}],"inLanguage":"en-US"},{"@type":"Organization","@id":"https:\/\/citil.av.tr\/en\/#organization","name":"Citil Attorney Partnership","url":"https:\/\/citil.av.tr\/en\/","logo":{"@type":"ImageObject","inLanguage":"en-US","@id":"https:\/\/citil.av.tr\/en\/#\/schema\/logo\/image\/","url":"https:\/\/citil.av.tr\/wp-content\/uploads\/2020\/11\/citillaw.png","contentUrl":"https:\/\/citil.av.tr\/wp-content\/uploads\/2020\/11\/citillaw.png","width":540,"height":118,"caption":"\u00c7itil Avukatl\u0131k Ortakl\u0131\u011f\u0131"},"image":{"@id":"https:\/\/citil.av.tr\/en\/#\/schema\/logo\/image\/"},"sameAs":["https:\/\/wwwfacebook.com\/citillaw","https:\/\/twitter.com\/citillaw","https:\/\/instagram.com\/citillaw","https:\/\/www.linkedin.com\/company\/citillaw\/","https:\/\/www.youtube.com\/channel\/UCnDUExMdk-zREsgxkg0GGTg"]}]}},"post_mailing_queue_ids":[],"_links":{"self":[{"href":"https:\/\/citil.av.tr\/en\/wp-json\/wp\/v2\/pages\/7956"}],"collection":[{"href":"https:\/\/citil.av.tr\/en\/wp-json\/wp\/v2\/pages"}],"about":[{"href":"https:\/\/citil.av.tr\/en\/wp-json\/wp\/v2\/types\/page"}],"author":[{"embeddable":true,"href":"https:\/\/citil.av.tr\/en\/wp-json\/wp\/v2\/users\/1"}],"replies":[{"embeddable":true,"href":"https:\/\/citil.av.tr\/en\/wp-json\/wp\/v2\/comments?post=7956"}],"version-history":[{"count":10,"href":"https:\/\/citil.av.tr\/en\/wp-json\/wp\/v2\/pages\/7956\/revisions"}],"predecessor-version":[{"id":13372,"href":"https:\/\/citil.av.tr\/en\/wp-json\/wp\/v2\/pages\/7956\/revisions\/13372"}],"wp:attachment":[{"href":"https:\/\/citil.av.tr\/en\/wp-json\/wp\/v2\/media?parent=7956"}],"curies":[{"name":"wp","href":"https:\/\/api.w.org\/{rel}","templated":true}]}}