{"id":8024,"date":"2014-07-04T23:25:06","date_gmt":"2014-07-04T23:25:06","guid":{"rendered":"http:\/\/lawyers-attorneys.vamtam.com\/?page_id=8024"},"modified":"2021-02-17T23:13:09","modified_gmt":"2021-02-17T23:13:09","slug":"sss","status":"publish","type":"page","link":"https:\/\/citil.av.tr\/en\/sss\/","title":{"rendered":"FAQ"},"content":{"rendered":"<div class=\"row\"><div class=\"wpv-grid grid-1-1  wpv-first-level first has-background extended\" style=\"background-color:#EFEFEF;padding-top:60px;padding-bottom:15px\" id=\"wpv-column-135dc91b46f97671653f7ff3778b92d1\" ><div class=\"extended-column-inner\"><style>#wpv-column-135dc91b46f97671653f7ff3778b92d1 p,#wpv-column-135dc91b46f97671653f7ff3778b92d1 em,#wpv-column-135dc91b46f97671653f7ff3778b92d1 .column-title,#wpv-column-135dc91b46f97671653f7ff3778b92d1 .sep-text h2.regular-title-wrapper,#wpv-column-135dc91b46f97671653f7ff3778b92d1 .text-divider-double,#wpv-column-135dc91b46f97671653f7ff3778b92d1 .sep-text .sep-text-line,#wpv-column-135dc91b46f97671653f7ff3778b92d1 .sep,#wpv-column-135dc91b46f97671653f7ff3778b92d1 .sep-2,#wpv-column-135dc91b46f97671653f7ff3778b92d1 .sep-3,#wpv-column-135dc91b46f97671653f7ff3778b92d1 td,#wpv-column-135dc91b46f97671653f7ff3778b92d1 th,#wpv-column-135dc91b46f97671653f7ff3778b92d1 caption{color:#707070;}#wpv-column-135dc91b46f97671653f7ff3778b92d1:before{background-color:transparent;}<\/style><div class=\"row\"><div class=\"wpv-grid grid-1-1  first unextended\" style=\"padding-top:0px;padding-bottom:0px\" id=\"wpv-column-50f96463f134cb06390c972b46c3e68c\" ><p>\n<div class=\"wpcf7 no-js\" id=\"wpcf7-f12254-o1\" lang=\"tr-TR\" dir=\"ltr\">\n<div class=\"screen-reader-response\"><p role=\"status\" aria-live=\"polite\" aria-atomic=\"true\"><\/p> <ul><\/ul><\/div>\n<form action=\"\/en\/wp-json\/wp\/v2\/pages\/8024#wpcf7-f12254-o1\" method=\"post\" class=\"wpcf7-form init\" aria-label=\"Contact form\" novalidate=\"novalidate\" data-status=\"init\" data-trp-original-action=\"\/en\/wp-json\/wp\/v2\/pages\/8024#wpcf7-f12254-o1\">\n<div style=\"display: none;\">\n<input type=\"hidden\" name=\"_wpcf7\" value=\"12254\" \/>\n<input type=\"hidden\" name=\"_wpcf7_version\" value=\"5.7.7\" \/>\n<input type=\"hidden\" name=\"_wpcf7_locale\" value=\"tr_TR\" \/>\n<input type=\"hidden\" name=\"_wpcf7_unit_tag\" value=\"wpcf7-f12254-o1\" \/>\n<input type=\"hidden\" name=\"_wpcf7_container_post\" value=\"0\" \/>\n<input type=\"hidden\" name=\"_wpcf7_posted_data_hash\" value=\"\" \/>\n<input type=\"hidden\" name=\"_wpcf7_recaptcha_response\" value=\"\" \/>\n<\/div>\n<div class=\"vamtam-rsvp-form\">\n\t<div class=\"row\">\n\t\t<div class=\"grid-1-2\">\n\t\t\t<p><label> <span class=\"wpcf7-form-control-wrap\" data-name=\"your-name\"><input size=\"40\" class=\"wpcf7-form-control wpcf7-text wpcf7-validates-as-required\" aria-required=\"true\" aria-invalid=\"false\" placeholder=\"Name Surname\" value=\"\" type=\"text\" name=\"your-name\" \/><\/span> <\/label>\n\t\t\t<\/p>\n\t\t<\/div>\n\t\t<div class=\"grid-1-2\">\n\t\t\t<p><label> <span class=\"wpcf7-form-control-wrap\" data-name=\"your-email\"><input size=\"40\" class=\"wpcf7-form-control wpcf7-text wpcf7-email wpcf7-validates-as-required wpcf7-validates-as-email\" aria-required=\"true\" aria-invalid=\"false\" placeholder=\"E-mail\" value=\"\" type=\"email\" name=\"your-email\" \/><\/span> <\/label>\n\t\t\t<\/p>\n\t\t<\/div>\n\t\t<div class=\"grid-1-1\">\n\t\t\t<p><label> <span class=\"wpcf7-form-control-wrap\" data-name=\"your-message\"><textarea cols=\"40\" rows=\"10\" class=\"wpcf7-form-control wpcf7-textarea wpcf7-validates-as-required\" aria-required=\"true\" aria-invalid=\"false\" placeholder=\"Soru\" name=\"your-message\"><\/textarea><\/span> <\/label>\n\t\t\t<\/p>\n\t\t<\/div>\n\t<\/div>\n\t<div style= \"text-align: center;\">\n\t\t<p><input class=\"wpcf7-form-control has-spinner wpcf7-submit\" type=\"submit\" value=\"ASK US \u2192\" \/>\n\t\t<\/p>\n\t<\/div>\n<\/div><input type='hidden' class='wpcf7-pum' value='{\"closepopup\":false,\"closedelay\":0,\"openpopup\":false,\"openpopup_id\":0}' \/><div class=\"wpcf7-response-output\" aria-hidden=\"true\"><\/div>\n<input type=\"hidden\" name=\"trp-form-language\" value=\"en\"\/><\/form>\n<\/div>\n<\/div><\/div>\n<div class=\"row\"><div class=\"wpv-grid grid-1-1  first unextended\" style=\"padding-top:0px;padding-bottom:0px\" id=\"wpv-column-651361cb05197b41cd6d834f10b4632b\" ><div class=\"push\" style='height:15px'><\/div>\n<p style=\"text-align: center;\"><span class=\"accent-3\">- OR -<\/span><\/div><\/div><\/div><\/div><\/div>\n\t\t<h2 class=\"text-divider-double\">\t\t\t\nYOU CAN FIND THE ANSWER TO YOUR QUESTIONS BELOW:<br \/>\n\t\t<\/h2>\t\t<div class=\"sep\"><\/div>\t\n<div class=\"push\" style='height:10px'><\/div>\n<div class=\"row\"><div class=\"wpv-grid grid-5-6  wpv-first-level first unextended\" style=\"padding-top:0px;padding-bottom:0px\" id=\"wpv-column-6a17cab20f7de8e334246774eaf89c84\" ><div class=\"clearfix dropcap-wrapper\"><div class=\"dropcap-left\"><span class='dropcap1'>Q<\/span><\/div><div class=\"dropcap-text\">What does \u201cAttorney Agreement\u201d mean?<\/div> <\/div>\n<div class=\"push\" style='height:20px'><\/div> <span class='dropcap1'>A<\/span> No matter how agreement executed, parties and conditions must be certain. Parties must understand rights and obligations involved in agreement. In short, Attorney Agreement contains mentioned service and monetary equivalent formed between client and law office.<\/div><\/div>\n<div class=\"sep-3\"><\/div>\n<div class=\"row\"><div class=\"wpv-grid grid-5-6  wpv-first-level first unextended\" style=\"padding-top:0px;padding-bottom:0px\" id=\"wpv-column-f43c80e891dc8a26ae209ff2081aa61a\" ><div class=\"clearfix dropcap-wrapper\"><div class=\"dropcap-left\"><span class='dropcap1'>Q<\/span><\/div><div class=\"dropcap-text\">Is it obligatory to give a power of attorney?<\/div> <\/div>\n<div class=\"clearboth\"><\/div> <div class=\"push\" style='height:20px'><\/div> <span class='dropcap1'>A<\/span> In case you are not engaged with lawsuit process or applications with no need of power of attorney, there is no obligation to regulate power of attorney. In some situations, receiving consultancy from attorney\/law Office is possible.<\/div><\/div>\n<div class=\"sep-3\"><\/div>\n<div class=\"row\"><div class=\"wpv-grid grid-5-6  wpv-first-level first unextended\" style=\"padding-top:0px;padding-bottom:0px\" id=\"wpv-column-f23c940f206ceb3df1fb35ff67864ad8\" ><div class=\"clearfix dropcap-wrapper\"><div class=\"dropcap-left\"><span class='dropcap1'>Q<\/span><\/div><div class=\"dropcap-text\">What does \u201cConsultancy\u201d mean?<br \/>\n<\/div> <\/div>\n<div class=\"clearboth\"><\/div> <div class=\"push\" style='height:20px'><\/div> <span class='dropcap1'>A<\/span> Consultancy is legal support in the case of need of legal support from attorney or law Office against remuneration. Legal support might be fulfilled with both face to face, via telephone or by video talk.<\/div><\/div>\n<div class=\"sep-3\"><\/div>\n<div class=\"row\"><div class=\"wpv-grid grid-5-6  wpv-first-level first unextended\" style=\"padding-top:0px;padding-bottom:0px\" id=\"wpv-column-e433522c7f09ca337733315fd1733d46\" ><div class=\"clearfix dropcap-wrapper\"><div class=\"dropcap-left\"><span class='dropcap1'>Q<\/span><\/div><div class=\"dropcap-text\">How Can I Receive Consultancy?<\/div> <\/div>\n<div class=\"clearboth\"><\/div> <div class=\"push\" style='height:20px'><\/div> <span class='dropcap1'>A<\/span> An appointment for consultancy from Attorney or Law Office via telephone\/mail must be scheduled.<\/div><\/div>\n<div class=\"sep-3\"><\/div>\n<div class=\"row\"><div class=\"wpv-grid grid-5-6  wpv-first-level first unextended\" style=\"padding-top:0px;padding-bottom:0px\" id=\"wpv-column-2ca2a9798ab27a3a326bb372c88ef44a\" ><div class=\"clearfix dropcap-wrapper\"><div class=\"dropcap-left\"><span class='dropcap1'>Q<\/span><\/div><div class=\"dropcap-text\">How do you run your operation mode?<\/div> <\/div>\n<div class=\"clearboth\"><\/div> <div class=\"push\" style='height:20px'><\/div> <span class='dropcap1'>A<\/span>\n<p class=\"translation-block\">The events client experienced are demanded along with actual and crucial details of it with notifying confidentiality obligation. Determined points taken down on condition that it is between attorney and client.<\/p>\n<p>Reasons of dispute related with client are examined. This is because legal dispute is an outcome. It is extremely critical to determine the events and facts cause dispute. Examining these details is a way to obtain best identification.<\/p>\n<p>After defining the legal dispute with legal terms, client informed about legal process in accordance with disclosure statement.<\/p>\n<p>Disclosure statement between client and attorney taken down immediately afterwards informing client.<\/p>\n<p>Then, attorney agremeent signed between client-attorney. By notaries power of attorney could be obtained and it must be given to the attorney.<span class=\"Apple-converted-space\">\u00a0 <\/span>d\u00fczenlenerek vekaletnamenin avukata teslim edilmesi gerekir.<\/div><\/div>\n<div class=\"push\" style='height:120px'><\/div>","protected":false},"excerpt":{"rendered":"<p>\u2013 YADA \u2013 Her ne \u00e7e\u015fit anla\u015fma yap\u0131l\u0131rsa yap\u0131ls\u0131n taraflar\u0131n\u0131n ve \u015fartlar\u0131n\u0131n belli olmas\u0131 gerekir. Taraflar\u0131n anla\u015fmada yer alan haklar\u0131n\u0131 ve y\u00fck\u00fcml\u00fcl\u00fcklerini iyi anlamas\u0131 ve bilmesi gerekir. Avukatl\u0131k anla\u015fmas\u0131 k\u0131saca ; m\u00fcvekkil ile avukatl\u0131k ofisi aras\u0131nda imzalanan, yap\u0131lacak i\u015f ve bu i\u015f ile ilgili \u00f6denmesi gereken bedelin yaz\u0131ld\u0131\u011f\u0131 bir anla\u015fmad\u0131r. Bir davan\u0131z veya bir kuruma&#8230;<\/p>","protected":false},"author":1,"featured_media":0,"parent":0,"menu_order":0,"comment_status":"closed","ping_status":"open","template":"","meta":[],"yoast_head":"<!-- This site is optimized with the Yoast SEO plugin v21.1 - https:\/\/yoast.com\/wordpress\/plugins\/seo\/ -->\n<title>S\u0131k\u00e7a Sorulan Sorular - \u00c7itil Avukatl\u0131k Ortakl\u0131\u011f\u0131<\/title>\n<meta name=\"robots\" content=\"index, follow, max-snippet:-1, max-image-preview:large, max-video-preview:-1\" \/>\n<link rel=\"canonical\" href=\"https:\/\/citil.av.tr\/en\/sss\/\" \/>\n<meta property=\"og:locale\" content=\"en_US\" \/>\n<meta property=\"og:type\" content=\"article\" \/>\n<meta property=\"og:title\" content=\"S\u0131k\u00e7a Sorulan Sorular - \u00c7itil Avukatl\u0131k Ortakl\u0131\u011f\u0131\" \/>\n<meta property=\"og:description\" content=\"\u2013 YADA \u2013 Her ne \u00e7e\u015fit anla\u015fma yap\u0131l\u0131rsa yap\u0131ls\u0131n taraflar\u0131n\u0131n ve \u015fartlar\u0131n\u0131n belli olmas\u0131 gerekir. Taraflar\u0131n anla\u015fmada yer alan haklar\u0131n\u0131 ve y\u00fck\u00fcml\u00fcl\u00fcklerini iyi anlamas\u0131 ve bilmesi gerekir. Avukatl\u0131k anla\u015fmas\u0131 k\u0131saca ; m\u00fcvekkil ile avukatl\u0131k ofisi aras\u0131nda imzalanan, yap\u0131lacak i\u015f ve bu i\u015f ile ilgili \u00f6denmesi gereken bedelin yaz\u0131ld\u0131\u011f\u0131 bir anla\u015fmad\u0131r. Bir davan\u0131z veya bir kuruma...\" \/>\n<meta property=\"og:url\" content=\"https:\/\/citil.av.tr\/en\/sss\/\" \/>\n<meta property=\"og:site_name\" content=\"\u00c7itil Avukatl\u0131k Ortakl\u0131\u011f\u0131\" \/>\n<meta property=\"article:publisher\" content=\"https:\/\/wwwfacebook.com\/citillaw\" \/>\n<meta property=\"article:modified_time\" content=\"2021-02-17T23:13:09+00:00\" \/>\n<meta property=\"og:image\" content=\"https:\/\/citil.av.tr\/wp-content\/uploads\/2020\/12\/Vergi-Hukuku.jpg\" \/>\n\t<meta property=\"og:image:width\" content=\"1920\" \/>\n\t<meta property=\"og:image:height\" content=\"1080\" \/>\n\t<meta property=\"og:image:type\" content=\"image\/jpeg\" \/>\n<meta name=\"twitter:card\" content=\"summary_large_image\" \/>\n<meta name=\"twitter:site\" content=\"@citillaw\" \/>\n<meta name=\"twitter:label1\" content=\"Est. reading time\" \/>\n\t<meta name=\"twitter:data1\" content=\"3 minutes\" \/>\n<script type=\"application\/ld+json\" class=\"yoast-schema-graph\">{\"@context\":\"https:\/\/schema.org\",\"@graph\":[{\"@type\":\"WebPage\",\"@id\":\"https:\/\/citil.av.tr\/sss\/\",\"url\":\"https:\/\/citil.av.tr\/sss\/\",\"name\":\"S\u0131k\u00e7a Sorulan Sorular - \u00c7itil Avukatl\u0131k Ortakl\u0131\u011f\u0131\",\"isPartOf\":{\"@id\":\"https:\/\/citil.av.tr\/en\/#website\"},\"datePublished\":\"2014-07-04T23:25:06+00:00\",\"dateModified\":\"2021-02-17T23:13:09+00:00\",\"breadcrumb\":{\"@id\":\"https:\/\/citil.av.tr\/sss\/#breadcrumb\"},\"inLanguage\":\"en-US\",\"potentialAction\":[{\"@type\":\"ReadAction\",\"target\":[\"https:\/\/citil.av.tr\/sss\/\"]}]},{\"@type\":\"BreadcrumbList\",\"@id\":\"https:\/\/citil.av.tr\/sss\/#breadcrumb\",\"itemListElement\":[{\"@type\":\"ListItem\",\"position\":1,\"name\":\"Anasayfa\",\"item\":\"https:\/\/citil.av.tr\/\"},{\"@type\":\"ListItem\",\"position\":2,\"name\":\"S\u0131k\u00e7a Sorulan Sorular\"}]},{\"@type\":\"WebSite\",\"@id\":\"https:\/\/citil.av.tr\/en\/#website\",\"url\":\"https:\/\/citil.av.tr\/en\/\",\"name\":\"\u00c7itil Avukatl\u0131k Ortakl\u0131\u011f\u0131\",\"description\":\"\u00c7itil Avukatl\u0131k Ortakl\u0131\u011f\u0131\",\"publisher\":{\"@id\":\"https:\/\/citil.av.tr\/en\/#organization\"},\"potentialAction\":[{\"@type\":\"SearchAction\",\"target\":{\"@type\":\"EntryPoint\",\"urlTemplate\":\"https:\/\/citil.av.tr\/en\/?s={search_term_string}\"},\"query-input\":\"required name=search_term_string\"}],\"inLanguage\":\"en-US\"},{\"@type\":\"Organization\",\"@id\":\"https:\/\/citil.av.tr\/en\/#organization\",\"name\":\"\u00c7itil Avukatl\u0131k Ortakl\u0131\u011f\u0131\",\"url\":\"https:\/\/citil.av.tr\/en\/\",\"logo\":{\"@type\":\"ImageObject\",\"inLanguage\":\"en-US\",\"@id\":\"https:\/\/citil.av.tr\/en\/#\/schema\/logo\/image\/\",\"url\":\"https:\/\/citil.av.tr\/wp-content\/uploads\/2020\/11\/citillaw.png\",\"contentUrl\":\"https:\/\/citil.av.tr\/wp-content\/uploads\/2020\/11\/citillaw.png\",\"width\":540,\"height\":118,\"caption\":\"\u00c7itil Avukatl\u0131k Ortakl\u0131\u011f\u0131\"},\"image\":{\"@id\":\"https:\/\/citil.av.tr\/en\/#\/schema\/logo\/image\/\"},\"sameAs\":[\"https:\/\/wwwfacebook.com\/citillaw\",\"https:\/\/twitter.com\/citillaw\",\"https:\/\/instagram.com\/citillaw\",\"https:\/\/www.linkedin.com\/company\/citillaw\/\",\"https:\/\/www.youtube.com\/channel\/UCnDUExMdk-zREsgxkg0GGTg\"]}]}<\/script>\n<!-- \/ Yoast SEO plugin. -->","yoast_head_json":{"title":"S\u0131k\u00e7a Sorulan Sorular - \u00c7itil Avukatl\u0131k Ortakl\u0131\u011f\u0131","robots":{"index":"index","follow":"follow","max-snippet":"max-snippet:-1","max-image-preview":"max-image-preview:large","max-video-preview":"max-video-preview:-1"},"canonical":"https:\/\/citil.av.tr\/en\/sss\/","og_locale":"en_US","og_type":"article","og_title":"S\u0131k\u00e7a Sorulan Sorular - \u00c7itil Avukatl\u0131k Ortakl\u0131\u011f\u0131","og_description":"\u2013 YADA \u2013 Her ne \u00e7e\u015fit anla\u015fma yap\u0131l\u0131rsa yap\u0131ls\u0131n taraflar\u0131n\u0131n ve \u015fartlar\u0131n\u0131n belli olmas\u0131 gerekir. Taraflar\u0131n anla\u015fmada yer alan haklar\u0131n\u0131 ve y\u00fck\u00fcml\u00fcl\u00fcklerini iyi anlamas\u0131 ve bilmesi gerekir. Avukatl\u0131k anla\u015fmas\u0131 k\u0131saca ; m\u00fcvekkil ile avukatl\u0131k ofisi aras\u0131nda imzalanan, yap\u0131lacak i\u015f ve bu i\u015f ile ilgili \u00f6denmesi gereken bedelin yaz\u0131ld\u0131\u011f\u0131 bir anla\u015fmad\u0131r. Bir davan\u0131z veya bir kuruma...","og_url":"https:\/\/citil.av.tr\/en\/sss\/","og_site_name":"\u00c7itil Avukatl\u0131k Ortakl\u0131\u011f\u0131","article_publisher":"https:\/\/wwwfacebook.com\/citillaw","article_modified_time":"2021-02-17T23:13:09+00:00","og_image":[{"width":1920,"height":1080,"url":"https:\/\/citil.av.tr\/wp-content\/uploads\/2020\/12\/Vergi-Hukuku.jpg","type":"image\/jpeg"}],"twitter_card":"summary_large_image","twitter_site":"@citillaw","twitter_misc":{"Est. reading time":"3 minutes"},"schema":{"@context":"https:\/\/schema.org","@graph":[{"@type":"WebPage","@id":"https:\/\/citil.av.tr\/sss\/","url":"https:\/\/citil.av.tr\/sss\/","name":"S\u0131k\u00e7a Sorulan Sorular - \u00c7itil Avukatl\u0131k Ortakl\u0131\u011f\u0131","isPartOf":{"@id":"https:\/\/citil.av.tr\/en\/#website"},"datePublished":"2014-07-04T23:25:06+00:00","dateModified":"2021-02-17T23:13:09+00:00","breadcrumb":{"@id":"https:\/\/citil.av.tr\/sss\/#breadcrumb"},"inLanguage":"en-US","potentialAction":[{"@type":"ReadAction","target":["https:\/\/citil.av.tr\/sss\/"]}]},{"@type":"BreadcrumbList","@id":"https:\/\/citil.av.tr\/sss\/#breadcrumb","itemListElement":[{"@type":"ListItem","position":1,"name":"Anasayfa","item":"https:\/\/citil.av.tr\/"},{"@type":"ListItem","position":2,"name":"S\u0131k\u00e7a Sorulan Sorular"}]},{"@type":"WebSite","@id":"https:\/\/citil.av.tr\/en\/#website","url":"https:\/\/citil.av.tr\/en\/","name":"Citil Attorney Partnership","description":"Citil Attorney Partnership","publisher":{"@id":"https:\/\/citil.av.tr\/en\/#organization"},"potentialAction":[{"@type":"SearchAction","target":{"@type":"EntryPoint","urlTemplate":"https:\/\/citil.av.tr\/en\/?s={search_term_string}"},"query-input":"required name=search_term_string"}],"inLanguage":"en-US"},{"@type":"Organization","@id":"https:\/\/citil.av.tr\/en\/#organization","name":"Citil Attorney Partnership","url":"https:\/\/citil.av.tr\/en\/","logo":{"@type":"ImageObject","inLanguage":"en-US","@id":"https:\/\/citil.av.tr\/en\/#\/schema\/logo\/image\/","url":"https:\/\/citil.av.tr\/wp-content\/uploads\/2020\/11\/citillaw.png","contentUrl":"https:\/\/citil.av.tr\/wp-content\/uploads\/2020\/11\/citillaw.png","width":540,"height":118,"caption":"\u00c7itil Avukatl\u0131k Ortakl\u0131\u011f\u0131"},"image":{"@id":"https:\/\/citil.av.tr\/en\/#\/schema\/logo\/image\/"},"sameAs":["https:\/\/wwwfacebook.com\/citillaw","https:\/\/twitter.com\/citillaw","https:\/\/instagram.com\/citillaw","https:\/\/www.linkedin.com\/company\/citillaw\/","https:\/\/www.youtube.com\/channel\/UCnDUExMdk-zREsgxkg0GGTg"]}]}},"post_mailing_queue_ids":[],"_links":{"self":[{"href":"https:\/\/citil.av.tr\/en\/wp-json\/wp\/v2\/pages\/8024"}],"collection":[{"href":"https:\/\/citil.av.tr\/en\/wp-json\/wp\/v2\/pages"}],"about":[{"href":"https:\/\/citil.av.tr\/en\/wp-json\/wp\/v2\/types\/page"}],"author":[{"embeddable":true,"href":"https:\/\/citil.av.tr\/en\/wp-json\/wp\/v2\/users\/1"}],"replies":[{"embeddable":true,"href":"https:\/\/citil.av.tr\/en\/wp-json\/wp\/v2\/comments?post=8024"}],"version-history":[{"count":0,"href":"https:\/\/citil.av.tr\/en\/wp-json\/wp\/v2\/pages\/8024\/revisions"}],"wp:attachment":[{"href":"https:\/\/citil.av.tr\/en\/wp-json\/wp\/v2\/media?parent=8024"}],"curies":[{"name":"wp","href":"https:\/\/api.w.org\/{rel}","templated":true}]}}